{"id":14284,"date":"2024-04-08T13:27:16","date_gmt":"2024-04-08T11:27:16","guid":{"rendered":"https:\/\/www.avecdo.com\/bliv-et-output\/"},"modified":"2024-04-22T11:11:14","modified_gmt":"2024-04-22T09:11:14","slug":"bliv-et-output","status":"publish","type":"page","link":"https:\/\/www.avecdo.com\/da\/bliv-et-output\/","title":{"rendered":"Opret et output"},"content":{"rendered":"\t\t<div data-elementor-type=\"wp-page\" data-elementor-id=\"14284\" class=\"elementor elementor-14284 elementor-14227\" data-elementor-post-type=\"page\">\n\t\t\t\t\t\t<section class=\"elementor-section elementor-top-section elementor-element elementor-element-468e07f4 elementor-section-content-middle elementor-section-boxed elementor-section-height-default elementor-section-height-default\" data-id=\"468e07f4\" data-element_type=\"section\" data-settings=\"{&quot;background_background&quot;:&quot;gradient&quot;}\">\n\t\t\t\t\t\t\t<div class=\"elementor-background-overlay\"><\/div>\n\t\t\t\t\t\t\t<div class=\"elementor-container elementor-column-gap-wider\">\n\t\t\t\t\t<div class=\"elementor-column elementor-col-100 elementor-top-column elementor-element elementor-element-2a6d22ab\" data-id=\"2a6d22ab\" data-element_type=\"column\">\n\t\t\t<div class=\"elementor-widget-wrap elementor-element-populated\">\n\t\t\t\t\t\t<div class=\"elementor-element elementor-element-9a9c18d elementor-widget elementor-widget-text-editor\" data-id=\"9a9c18d\" data-element_type=\"widget\" data-widget_type=\"text-editor.default\">\n\t\t\t\t<div class=\"elementor-widget-container\">\n\t\t\t\t\t\t\t\t\t<h1><span style=\"color: #000000;\">Bliv et output hos avecdo<\/span><\/h1>\n<p>For at blive et output skal du udfylde formularen.<\/p>\n<p>Felter markeret med * er obligatoriske.<\/p>\n<p>Hvis tekstfelter ikke er udfyldt, vil de blive udfyldt af avecdo-teamet p\u00e5 den m\u00e5de, vi finder mest hensigtsm\u00e6ssig.<\/p>\n\t\t\t\t\t\t\t\t<\/div>\n\t\t\t\t<\/div>\n\t\t\t\t\t<\/div>\n\t\t<\/div>\n\t\t\t\t\t<\/div>\n\t\t<\/section>\n\t\t<div class=\"elementor-element elementor-element-5df26e5 e-flex e-con-boxed e-con e-parent\" data-id=\"5df26e5\" data-element_type=\"container\">\n\t\t\t\t\t<div class=\"e-con-inner\">\n\t\t\t\t<div class=\"elementor-element elementor-element-e43f78e elementor-button-align-stretch elementor-widget elementor-widget-form\" data-id=\"e43f78e\" data-element_type=\"widget\" data-settings=\"{&quot;step_next_label&quot;:&quot;N\\u00e6ste&quot;,&quot;step_previous_label&quot;:&quot;Tidligere&quot;,&quot;button_width&quot;:&quot;100&quot;,&quot;step_type&quot;:&quot;number_text&quot;,&quot;step_icon_shape&quot;:&quot;circle&quot;}\" data-widget_type=\"form.default\">\n\t\t\t\t<div class=\"elementor-widget-container\">\n\t\t\t\t\t\t\t<form class=\"elementor-form\" method=\"post\" name=\"Ny formular\">\n\t\t\t<input type=\"hidden\" name=\"post_id\" value=\"14284\"\/>\n\t\t\t<input type=\"hidden\" name=\"form_id\" value=\"e43f78e\"\/>\n\t\t\t<input type=\"hidden\" name=\"referer_title\" value=\"Opret et output\" \/>\n\n\t\t\t\t\t\t\t<input type=\"hidden\" name=\"queried_id\" value=\"14284\"\/>\n\t\t\t\n\t\t\t<div class=\"elementor-form-fields-wrapper elementor-labels-above\">\n\t\t\t\t\t\t\t\t<div class=\"elementor-field-type-text elementor-field-group elementor-column elementor-field-group-name elementor-col-100 elementor-field-required\">\n\t\t\t\t\t\t\t\t\t\t\t\t<label for=\"form-field-name\" class=\"elementor-field-label\">\n\t\t\t\t\t\t\t\tNavn p\u00e5 output*\t\t\t\t\t\t\t<\/label>\n\t\t\t\t\t\t\t\t\t\t\t\t\t\t<input size=\"1\" type=\"text\" name=\"form_fields[name]\" id=\"form-field-name\" class=\"elementor-field elementor-size-sm  elementor-field-textual\" placeholder=\"Navn p\u00e5 output\" required=\"required\">\n\t\t\t\t\t\t\t\t\t\t\t<\/div>\n\t\t\t\t\t\t\t\t<div class=\"elementor-field-type-text elementor-field-group elementor-column elementor-field-group-email elementor-col-100 elementor-field-required\">\n\t\t\t\t\t\t\t\t\t\t\t\t<label for=\"form-field-email\" class=\"elementor-field-label\">\n\t\t\t\t\t\t\t\tBaggrund HEX-kode*\t\t\t\t\t\t\t<\/label>\n\t\t\t\t\t\t\t\t\t\t\t\t\t\t<input size=\"1\" type=\"text\" name=\"form_fields[email]\" id=\"form-field-email\" class=\"elementor-field elementor-size-sm  elementor-field-textual\" placeholder=\"farvekode for topbannerets baggrund\" required=\"required\">\n\t\t\t\t\t\t\t\t\t\t\t<\/div>\n\t\t\t\t\t\t\t\t<div class=\"elementor-field-type-text elementor-field-group elementor-column elementor-field-group-message elementor-col-100 elementor-field-required\">\n\t\t\t\t\t\t\t\t\t\t\t\t<label for=\"form-field-message\" class=\"elementor-field-label\">\n\t\t\t\t\t\t\t\tDataformat*\t\t\t\t\t\t\t<\/label>\n\t\t\t\t\t\t\t\t\t\t\t\t\t\t<input size=\"1\" type=\"text\" name=\"form_fields[message]\" id=\"form-field-message\" class=\"elementor-field elementor-size-sm  elementor-field-textual\" placeholder=\"XML, Json, CSV osv.\" required=\"required\">\n\t\t\t\t\t\t\t\t\t\t\t<\/div>\n\t\t\t\t\t\t\t\t<div class=\"elementor-field-type-upload elementor-field-group elementor-column elementor-field-group-field_5dfe0b8 elementor-col-100\">\n\t\t\t\t\t\t\t\t\t\t\t\t<label for=\"form-field-field_5dfe0b8\" class=\"elementor-field-label\">\n\t\t\t\t\t\t\t\tDataeksempel - Vedh\u00e6ft et eksempel p\u00e5 et datafeed (specialkodet, hvis forskelligt fra Google Shopping eller Pricerunner-strukturen)\t\t\t\t\t\t\t<\/label>\n\t\t\t\t\t\t\t\t<input type=\"file\" name=\"form_fields[field_5dfe0b8]\" id=\"form-field-field_5dfe0b8\" class=\"elementor-field elementor-size-sm  elementor-upload-field\" data-maxsize=\"10\" data-maxsize-message=\"This file exceeds the maximum allowed size.\">\n\n\t\t\t\t\t\t<\/div>\n\t\t\t\t\t\t\t\t<div class=\"elementor-field-type-text elementor-field-group elementor-column elementor-field-group-field_8a38537 elementor-col-100 elementor-field-required\">\n\t\t\t\t\t\t\t\t\t\t\t\t<label for=\"form-field-field_8a38537\" class=\"elementor-field-label\">\n\t\t\t\t\t\t\t\tUnderst\u00f8ttede sprog*\t\t\t\t\t\t\t<\/label>\n\t\t\t\t\t\t\t\t\t\t\t\t\t\t<input size=\"1\" type=\"text\" name=\"form_fields[field_8a38537]\" id=\"form-field-field_8a38537\" class=\"elementor-field elementor-size-sm  elementor-field-textual\" placeholder=\"Underst\u00f8ttede sprog\" required=\"required\">\n\t\t\t\t\t\t\t\t\t\t\t<\/div>\n\t\t\t\t\t\t\t\t<div class=\"elementor-field-type-text elementor-field-group elementor-column elementor-field-group-field_01e8f3e elementor-col-100 elementor-field-required\">\n\t\t\t\t\t\t\t\t\t\t\t\t<label for=\"form-field-field_01e8f3e\" class=\"elementor-field-label\">\n\t\t\t\t\t\t\t\tUnderst\u00f8ttede lande* (tilg\u00e6ngelighed)\t\t\t\t\t\t\t<\/label>\n\t\t\t\t\t\t\t\t\t\t\t\t\t\t<input size=\"1\" type=\"text\" name=\"form_fields[field_01e8f3e]\" id=\"form-field-field_01e8f3e\" class=\"elementor-field elementor-size-sm  elementor-field-textual\" placeholder=\"Underst\u00f8ttede lande (tilg\u00e6ngelighed)\" required=\"required\">\n\t\t\t\t\t\t\t\t\t\t\t<\/div>\n\t\t\t\t\t\t\t\t<div class=\"elementor-field-type-text elementor-field-group elementor-column elementor-field-group-field_96f1643 elementor-col-100 elementor-field-required\">\n\t\t\t\t\t\t\t\t\t\t\t\t<label for=\"form-field-field_96f1643\" class=\"elementor-field-label\">\n\t\t\t\t\t\t\t\tIP-adresser*\t\t\t\t\t\t\t<\/label>\n\t\t\t\t\t\t\t\t\t\t\t\t\t\t<input size=\"1\" type=\"text\" name=\"form_fields[field_96f1643]\" id=\"form-field-field_96f1643\" class=\"elementor-field elementor-size-sm  elementor-field-textual\" placeholder=\"for kontorer og servere, der er autoriseret til at downloade datafeed\" required=\"required\">\n\t\t\t\t\t\t\t\t\t\t\t<\/div>\n\t\t\t\t\t\t\t\t<div class=\"elementor-field-type-textarea elementor-field-group elementor-column elementor-field-group-field_e8816af elementor-col-100\">\n\t\t\t\t\t\t\t\t\t\t\t\t<label for=\"form-field-field_e8816af\" class=\"elementor-field-label\">\n\t\t\t\t\t\t\t\tTekst til kortet i oversigten over alle vores outputs\t\t\t\t\t\t\t<\/label>\n\t\t\t\t\t\t<textarea class=\"elementor-field-textual elementor-field  elementor-size-sm\" name=\"form_fields[field_e8816af]\" id=\"form-field-field_e8816af\" rows=\"4\" placeholder=\"Ultrakort tekst om output. Minimum p\u00e5 engelsk, gerne ogs\u00e5 p\u00e5 dansk\"><\/textarea>\t\t\t\t<\/div>\n\t\t\t\t\t\t\t\t<div class=\"elementor-field-type-textarea elementor-field-group elementor-column elementor-field-group-field_ad7e40e elementor-col-100\">\n\t\t\t\t\t\t\t\t\t\t\t\t<label for=\"form-field-field_ad7e40e\" class=\"elementor-field-label\">\n\t\t\t\t\t\t\t\tKort tekst til brug b\u00e5de i avecdo-programmet og p\u00e5 vores hjemmeside avecdo.com\t\t\t\t\t\t\t<\/label>\n\t\t\t\t\t\t<textarea class=\"elementor-field-textual elementor-field  elementor-size-sm\" name=\"form_fields[field_ad7e40e]\" id=\"form-field-field_ad7e40e\" rows=\"4\" placeholder=\"Minimum p\u00e5 engelsk, gerne ogs\u00e5 p\u00e5 dansk (3-4 linjer)\"><\/textarea>\t\t\t\t<\/div>\n\t\t\t\t\t\t\t\t<div class=\"elementor-field-type-textarea elementor-field-group elementor-column elementor-field-group-field_2ebba8f elementor-col-100\">\n\t\t\t\t\t\t\t\t\t\t\t\t<label for=\"form-field-field_2ebba8f\" class=\"elementor-field-label\">\n\t\t\t\t\t\t\t\tTekst p\u00e5 avecdo.com\t\t\t\t\t\t\t<\/label>\n\t\t\t\t\t\t<textarea class=\"elementor-field-textual elementor-field  elementor-size-sm\" name=\"form_fields[field_2ebba8f]\" id=\"form-field-field_2ebba8f\" rows=\"4\" placeholder=\"Minimum p\u00e5 engelsk, gerne ogs\u00e5 p\u00e5 dansk. Hvad er [your output]? Hvorfor oprette forbindelse til [your output]? S\u00e5dan uploader du dine produkter til [your output] (gerne med en kort trin-for-trin-guide)\"><\/textarea>\t\t\t\t<\/div>\n\t\t\t\t\t\t\t\t<div class=\"elementor-field-type-text elementor-field-group elementor-column elementor-field-group-field_b05fca6 elementor-col-100\">\n\t\t\t\t\t\t\t\t\t\t\t\t<label for=\"form-field-field_b05fca6\" class=\"elementor-field-label\">\n\t\t\t\t\t\t\t\tLink til din hjemmeside\t\t\t\t\t\t\t<\/label>\n\t\t\t\t\t\t\t\t\t\t\t\t\t\t<input size=\"1\" type=\"text\" name=\"form_fields[field_b05fca6]\" id=\"form-field-field_b05fca6\" class=\"elementor-field elementor-size-sm  elementor-field-textual\" placeholder=\"Hvor vil du helst have, at vi linker til p\u00e5 vores hjemmeside?\">\n\t\t\t\t\t\t\t\t\t\t\t<\/div>\n\t\t\t\t\t\t\t\t<div class=\"elementor-field-type-upload elementor-field-group elementor-column elementor-field-group-field_e3a9ccf elementor-col-100\">\n\t\t\t\t\t\t\t\t\t\t\t\t<label for=\"form-field-field_e3a9ccf\" class=\"elementor-field-label\">\n\t\t\t\t\t\t\t\tLogo med transparent baggrund*\t\t\t\t\t\t\t<\/label>\n\t\t\t\t\t\t\t\t<input type=\"file\" name=\"form_fields[field_e3a9ccf]\" id=\"form-field-field_e3a9ccf\" class=\"elementor-field elementor-size-sm  elementor-upload-field\" data-maxsize=\"10\" data-maxsize-message=\"This file exceeds the maximum allowed size.\">\n\n\t\t\t\t\t\t<\/div>\n\t\t\t\t\t\t\t\t<div class=\"elementor-field-type-upload elementor-field-group elementor-column elementor-field-group-field_ab5683f elementor-col-100\">\n\t\t\t\t\t\t\t\t\t\t\t\t<label for=\"form-field-field_ab5683f\" class=\"elementor-field-label\">\n\t\t\t\t\t\t\t\tHvidt logo med transparent baggrund*\t\t\t\t\t\t\t<\/label>\n\t\t\t\t\t\t\t\t<input type=\"file\" name=\"form_fields[field_ab5683f]\" id=\"form-field-field_ab5683f\" class=\"elementor-field elementor-size-sm  elementor-upload-field\" data-maxsize=\"10\" data-maxsize-message=\"This file exceeds the maximum allowed size.\">\n\n\t\t\t\t\t\t<\/div>\n\t\t\t\t\t\t\t\t<div class=\"elementor-field-type-text elementor-field-group elementor-column elementor-field-group-field_c369e11 elementor-col-100 elementor-field-required\">\n\t\t\t\t\t\t\t\t\t\t\t\t<label for=\"form-field-field_c369e11\" class=\"elementor-field-label\">\n\t\t\t\t\t\t\t\t\u00d8nsker du, at vi sender oplysninger til dig, n\u00e5r kunder installerer din produktion?\t\t\t\t\t\t\t<\/label>\n\t\t\t\t\t\t\t\t\t\t\t\t\t\t<input size=\"1\" type=\"text\" name=\"form_fields[field_c369e11]\" id=\"form-field-field_c369e11\" class=\"elementor-field elementor-size-sm  elementor-field-textual\" placeholder=\"Ja\/Nej\" required=\"required\">\n\t\t\t\t\t\t\t\t\t\t\t<\/div>\n\t\t\t\t\t\t\t\t<div class=\"elementor-field-type-email elementor-field-group elementor-column elementor-field-group-field_5694a70 elementor-col-100\">\n\t\t\t\t\t\t\t\t\t\t\t\t<label for=\"form-field-field_5694a70\" class=\"elementor-field-label\">\n\t\t\t\t\t\t\t\tHvis ja, hvordan skal vi sende information, n\u00e5r en kunde installerer din kanal? Hvilken e-mailadresse skal vi bruge?\t\t\t\t\t\t\t<\/label>\n\t\t\t\t\t\t\t\t\t\t\t\t\t\t<input size=\"1\" type=\"email\" name=\"form_fields[field_5694a70]\" id=\"form-field-field_5694a70\" class=\"elementor-field elementor-size-sm  elementor-field-textual\" placeholder=\"E-mail\">\n\t\t\t\t\t\t\t\t\t\t\t<\/div>\n\t\t\t\t\t\t\t\t<div class=\"elementor-field-type-text elementor-field-group elementor-column elementor-field-group-field_97a0846 elementor-col-100\">\n\t\t\t\t\t\t\t\t\t\t\t\t<label for=\"form-field-field_97a0846\" class=\"elementor-field-label\">\n\t\t\t\t\t\t\t\tSkal vi oprette en webhook til dette?\t\t\t\t\t\t\t<\/label>\n\t\t\t\t\t\t\t\t\t\t\t\t\t\t<input size=\"1\" type=\"text\" name=\"form_fields[field_97a0846]\" id=\"form-field-field_97a0846\" class=\"elementor-field elementor-size-sm  elementor-field-textual\" placeholder=\"Skal vi oprette en webhook til dette?\">\n\t\t\t\t\t\t\t\t\t\t\t<\/div>\n\t\t\t\t\t\t\t\t<div class=\"elementor-field-type-text elementor-field-group elementor-column elementor-field-group-field_7bcde37 elementor-col-100 elementor-field-required\">\n\t\t\t\t\t\t\t\t\t\t\t\t<label for=\"form-field-field_7bcde37\" class=\"elementor-field-label\">\n\t\t\t\t\t\t\t\t\u00d8nsker du, at vi sender oplysninger til dig, n\u00e5r en kunde afinstallerer dit output?\t\t\t\t\t\t\t<\/label>\n\t\t\t\t\t\t\t\t\t\t\t\t\t\t<input size=\"1\" type=\"text\" name=\"form_fields[field_7bcde37]\" id=\"form-field-field_7bcde37\" class=\"elementor-field elementor-size-sm  elementor-field-textual\" placeholder=\"Ja\/Nej\" required=\"required\">\n\t\t\t\t\t\t\t\t\t\t\t<\/div>\n\t\t\t\t\t\t\t\t<div class=\"elementor-field-type-email elementor-field-group elementor-column elementor-field-group-field_e949d20 elementor-col-100\">\n\t\t\t\t\t\t\t\t\t\t\t\t<label for=\"form-field-field_e949d20\" class=\"elementor-field-label\">\n\t\t\t\t\t\t\t\tHvis ja, hvordan skal vi sende disse oplysninger? Hvilken e-mailadresse skal vi bruge?\t\t\t\t\t\t\t<\/label>\n\t\t\t\t\t\t\t\t\t\t\t\t\t\t<input size=\"1\" type=\"email\" name=\"form_fields[field_e949d20]\" id=\"form-field-field_e949d20\" class=\"elementor-field elementor-size-sm  elementor-field-textual\" placeholder=\"E-mail\">\n\t\t\t\t\t\t\t\t\t\t\t<\/div>\n\t\t\t\t\t\t\t\t<div class=\"elementor-field-type-text elementor-field-group elementor-column elementor-field-group-field_8759202 elementor-col-100\">\n\t\t\t\t\t\t\t\t\t\t\t\t<label for=\"form-field-field_8759202\" class=\"elementor-field-label\">\n\t\t\t\t\t\t\t\tSkal vi oprette en webhook til dette?\t\t\t\t\t\t\t<\/label>\n\t\t\t\t\t\t\t\t\t\t\t\t\t\t<input size=\"1\" type=\"text\" name=\"form_fields[field_8759202]\" id=\"form-field-field_8759202\" class=\"elementor-field elementor-size-sm  elementor-field-textual\" placeholder=\"Skal vi oprette en webhook til dette?\">\n\t\t\t\t\t\t\t\t\t\t\t<\/div>\n\t\t\t\t\t\t\t\t<div class=\"elementor-field-type-text elementor-field-group elementor-column elementor-field-group-field_6a8eb80 elementor-col-100\">\n\t\t\t\t\t\t\t\t\t\t\t\t<label for=\"form-field-field_6a8eb80\" class=\"elementor-field-label\">\n\t\t\t\t\t\t\t\tVi vil s\u00e6tte pris p\u00e5, hvis det er muligt at oprette en testkonto for at forst\u00e5, hvordan du integrerer vores feed i dit system. Det vil spare dig tid og give os mulighed for at vejlede vores kunder direkte, s\u00e5 de ikke beh\u00f8ver at kontakte dig. Tak for overvejelsen.\t\t\t\t\t\t\t<\/label>\n\t\t\t\t\t\t\t\t\t\t\t\t\t\t<input size=\"1\" type=\"text\" name=\"form_fields[field_6a8eb80]\" id=\"form-field-field_6a8eb80\" class=\"elementor-field elementor-size-sm  elementor-field-textual\" placeholder=\"Oplysninger om testkontoen\">\n\t\t\t\t\t\t\t\t\t\t\t<\/div>\n\t\t\t\t\t\t\t\t<div class=\"elementor-field-group elementor-column elementor-field-type-submit elementor-col-100 e-form__buttons\">\n\t\t\t\t\t<button class=\"elementor-button elementor-size-sm\" type=\"submit\">\n\t\t\t\t\t\t<span class=\"elementor-button-content-wrapper\">\n\t\t\t\t\t\t\t\t\t\t\t\t\t\t\t\t\t\t\t\t\t\t<span class=\"elementor-button-text\">Send<\/span>\n\t\t\t\t\t\t\t\t\t\t\t\t\t<\/span>\n\t\t\t\t\t<\/button>\n\t\t\t\t<\/div>\n\t\t\t<\/div>\n\t\t<\/form>\n\t\t\t\t\t\t<\/div>\n\t\t\t\t<\/div>\n\t\t\t\t\t<\/div>\n\t\t\t\t<\/div>\n\t\t\t\t<\/div>\n\t\t","protected":false},"excerpt":{"rendered":"<p>Bliv et output hos avecdo For at blive et output skal du udfylde formularen. Felter markeret med * er obligatoriske. Hvis tekstfelter ikke er udfyldt, vil de blive udfyldt af avecdo-teamet p\u00e5 den m\u00e5de, vi finder mest hensigtsm\u00e6ssig.<\/p>\n","protected":false},"author":2,"featured_media":0,"parent":0,"menu_order":0,"comment_status":"closed","ping_status":"closed","template":"","meta":{"om_disable_all_campaigns":false,"_monsterinsights_skip_tracking":false,"_monsterinsights_sitenote_active":false,"_monsterinsights_sitenote_note":"","_monsterinsights_sitenote_category":0,"_uf_show_specific_survey":0,"_uf_disable_surveys":false,"footnotes":""},"class_list":["post-14284","page","type-page","status-publish","hentry"],"aioseo_notices":[],"_links":{"self":[{"href":"https:\/\/www.avecdo.com\/da\/wp-json\/wp\/v2\/pages\/14284","targetHints":{"allow":["GET"]}}],"collection":[{"href":"https:\/\/www.avecdo.com\/da\/wp-json\/wp\/v2\/pages"}],"about":[{"href":"https:\/\/www.avecdo.com\/da\/wp-json\/wp\/v2\/types\/page"}],"author":[{"embeddable":true,"href":"https:\/\/www.avecdo.com\/da\/wp-json\/wp\/v2\/users\/2"}],"replies":[{"embeddable":true,"href":"https:\/\/www.avecdo.com\/da\/wp-json\/wp\/v2\/comments?post=14284"}],"version-history":[{"count":5,"href":"https:\/\/www.avecdo.com\/da\/wp-json\/wp\/v2\/pages\/14284\/revisions"}],"predecessor-version":[{"id":14579,"href":"https:\/\/www.avecdo.com\/da\/wp-json\/wp\/v2\/pages\/14284\/revisions\/14579"}],"wp:attachment":[{"href":"https:\/\/www.avecdo.com\/da\/wp-json\/wp\/v2\/media?parent=14284"}],"curies":[{"name":"wp","href":"https:\/\/api.w.org\/{rel}","templated":true}]}}