{"id":13495,"date":"2023-12-11T10:22:19","date_gmt":"2023-12-11T09:22:19","guid":{"rendered":"https:\/\/new.www.avecdo.com\/privatlivspolitik\/"},"modified":"2024-04-24T08:39:41","modified_gmt":"2024-04-24T06:39:41","slug":"privatlivspolitik","status":"publish","type":"page","link":"https:\/\/www.avecdo.com\/da\/privatlivspolitik\/","title":{"rendered":"Privatlivspolitik"},"content":{"rendered":"\t\t<div data-elementor-type=\"wp-page\" data-elementor-id=\"13495\" class=\"elementor elementor-13495 elementor-12092\" data-elementor-post-type=\"page\">\n\t\t\t\t\t\t<section class=\"elementor-section elementor-top-section elementor-element elementor-element-40dd0c6b elementor-section-content-middle elementor-section-boxed elementor-section-height-default elementor-section-height-default\" data-id=\"40dd0c6b\" data-element_type=\"section\" data-settings=\"{&quot;background_background&quot;:&quot;gradient&quot;}\">\n\t\t\t\t\t\t\t<div class=\"elementor-background-overlay\"><\/div>\n\t\t\t\t\t\t\t<div class=\"elementor-container elementor-column-gap-wider\">\n\t\t\t\t\t<div class=\"elementor-column elementor-col-100 elementor-top-column elementor-element elementor-element-3fcf2097\" data-id=\"3fcf2097\" data-element_type=\"column\">\n\t\t\t<div class=\"elementor-widget-wrap elementor-element-populated\">\n\t\t\t\t\t\t<div class=\"elementor-element elementor-element-116e58ac elementor-widget elementor-widget-spacer\" data-id=\"116e58ac\" data-element_type=\"widget\" data-widget_type=\"spacer.default\">\n\t\t\t\t<div class=\"elementor-widget-container\">\n\t\t\t\t\t\t\t<div class=\"elementor-spacer\">\n\t\t\t<div class=\"elementor-spacer-inner\"><\/div>\n\t\t<\/div>\n\t\t\t\t\t\t<\/div>\n\t\t\t\t<\/div>\n\t\t\t\t<div class=\"elementor-element elementor-element-40c856ab elementor-widget elementor-widget-heading\" data-id=\"40c856ab\" data-element_type=\"widget\" data-widget_type=\"heading.default\">\n\t\t\t\t<div class=\"elementor-widget-container\">\n\t\t\t\t\t<h1 class=\"elementor-heading-title elementor-size-default\">Privatlivspolitik<\/h1>\t\t\t\t<\/div>\n\t\t\t\t<\/div>\n\t\t\t\t<div class=\"elementor-element elementor-element-5a36410b elementor-widget elementor-widget-spacer\" data-id=\"5a36410b\" data-element_type=\"widget\" data-widget_type=\"spacer.default\">\n\t\t\t\t<div class=\"elementor-widget-container\">\n\t\t\t\t\t\t\t<div class=\"elementor-spacer\">\n\t\t\t<div class=\"elementor-spacer-inner\"><\/div>\n\t\t<\/div>\n\t\t\t\t\t\t<\/div>\n\t\t\t\t<\/div>\n\t\t\t\t<div class=\"elementor-element elementor-element-60e25a8 elementor-widget elementor-widget-text-editor\" data-id=\"60e25a8\" data-element_type=\"widget\" data-widget_type=\"text-editor.default\">\n\t\t\t\t<div class=\"elementor-widget-container\">\n\t\t\t\t\t\t\t\t\t<h2><span style=\"font-weight: 400;\">Dit privatliv er kritisk vigtigt for os.<\/span><\/h2>\n<p><span style=\"font-weight: 400;\">avecdo ApS er beliggende p\u00e5:<\/span><\/p>\n<p><span style=\"font-weight: 400;\">avecdo ApS<br \/><\/span><span style=\"font-weight: 400;\">Liv\u00f8vej 25B,<br \/><\/span><span style=\"font-weight: 400;\">Viborg, Jylland 8800<br \/><\/span><span style=\"font-weight: 400;\">Danmark<\/span><\/p>\n<p><span style=\"font-weight: 400;\">Det er avecdo ApS&#8217;s politik at respektere dit privatliv i forhold til enhver information, vi kan indsamle under drift af vores hjemmeside. Denne Privatlivspolitik g\u00e6lder for <\/span><span style=\"font-weight: 400;\">avecdo.com og alle underdom\u00e6ner<\/span><span style=\"font-weight: 400;\"> (herefter &#8220;os&#8221;, &#8220;vi&#8221; eller &#8220;avecdo.com&#8221;). Vi respekterer dit privatliv og er forpligtet til at beskytte personligt identificerbare oplysninger, som du m\u00e5tte give os gennem hjemmesiden. Vi har vedtaget denne privatlivspolitik (&#8220;Privatlivspolitik&#8221;) for at forklare, hvilke oplysninger der kan indsamles p\u00e5 vores hjemmeside, hvordan vi bruger disse oplysninger og under hvilke omst\u00e6ndigheder vi kan videregive oplysningerne til tredjeparter. Denne Privatlivspolitik g\u00e6lder kun for oplysninger, vi indsamler gennem hjemmesiden, og g\u00e6lder ikke for vores indsamling af oplysninger fra andre kilder.<\/span><\/p>\n<p><span style=\"font-weight: 400;\">Denne Privatlivspolitik sammen med Vilk\u00e5r og betingelser offentliggjort p\u00e5 vores hjemmeside, fastl\u00e6gger de generelle regler og politikker, der styrer din brug af vores hjemmeside. Afh\u00e6ngigt af dine aktiviteter, n\u00e5r du bes\u00f8ger vores hjemmeside, kan du v\u00e6re forpligtet til at acceptere yderligere vilk\u00e5r og betingelser.<\/span><\/p>\n<h3><span style=\"font-weight: 400;\">Bes\u00f8gende p\u00e5 Hjemmesiden<\/span><\/h3>\n<p><span style=\"font-weight: 400;\">Ligesom de fleste hjemmesideoperat\u00f8rer indsamler avecdo ApS ikke-personligt identificerbare oplysninger af den slags, som webbrowsere og servere typisk g\u00f8r tilg\u00e6ngelige, s\u00e5som browsertype, sprogpr\u00e6ference, henvisende site og datoen og tidspunktet for hver bes\u00f8gendes foresp\u00f8rgsel. avecdo ApS&#8217;s form\u00e5l med at indsamle ikke-personligt identificerbare oplysninger er at bedre forst\u00e5, hvordan avecdo ApS&#8217;s bes\u00f8gende bruger sin hjemmeside. Fra tid til anden kan avecdo ApS offentligg\u00f8re ikke-personligt identificerbare oplysninger samlet, f.eks. ved at udgive en rapport om tendenser i brugen af sin hjemmeside.<\/span><\/p>\n<p><span style=\"font-weight: 400;\">avecdo ApS indsamler ogs\u00e5 potentielt personligt identificerbare oplysninger som internetprotokol (IP) adresser for indloggede brugere og for brugere, der efterlader kommentarer p\u00e5 avecdo.com blogindl\u00e6g. avecdo ApS videregiver kun indloggede brugeres og kommentatorers IP-adresser under de samme omst\u00e6ndigheder, som det bruger og videregiver personligt identificerbare oplysninger som beskrevet nedenfor.<\/span><\/p>\n<h3><span style=\"font-weight: 400;\">Indsamling af Personligt Identificerbare Oplysninger<\/span><\/h3>\n<p><span style=\"font-weight: 400;\">Visse bes\u00f8gende p\u00e5 avecdo ApS&#8217;s hjemmesider v\u00e6lger at interagere med avecdo ApS p\u00e5 m\u00e5der, der kr\u00e6ver, at avecdo ApS indsamler personligt identificerbare oplysninger. M\u00e6ngden og typen af information, som avecdo ApS indsamler, afh\u00e6nger af interaktionens art. For eksempel beder vi bes\u00f8gende, der tilmelder sig en blog p\u00e5 avecdo.com, om at opgive et brugernavn og en e-mailadresse.<\/span><\/p>\n<h3><span style=\"font-weight: 400;\">Sikkerhed<\/span><\/h3>\n<p><span style=\"font-weight: 400;\">Sikkerheden af dine personlige oplysninger er vigtig for os, men husk, at ingen transmissionsmetode over internettet eller elektronisk lagringsmetode er 100% sikker. Selvom vi bestr\u00e6ber os p\u00e5 at bruge kommercielt acceptable midler til at beskytte dine personlige oplysninger, kan vi ikke garantere deres absolutte sikkerhed.<\/span><\/p>\n<h3><span style=\"font-weight: 400;\">Reklamer<\/span><\/h3>\n<p><span style=\"font-weight: 400;\">Annoncer p\u00e5 vores hjemmeside kan blive leveret til brugere af reklamepartnere, der kan indstille cookies. Disse cookies g\u00f8r det muligt for annonce-serveren at genkende din computer hver gang de sender dig en online reklame for at samle information om dig eller andre, der bruger din computer. Denne information g\u00f8r det muligt for annonce-netv\u00e6rk at levere m\u00e5lrettede reklamer, som de mener vil v\u00e6re mest interessante for dig. Denne fortrolighedspolitik d\u00e6kker brugen af cookies af avecdo ApS og d\u00e6kker ikke brugen af cookies af eventuelle annonc\u00f8rer.<\/span><\/p>\n<h3><span style=\"font-weight: 400;\">Links Til Eksterne Hjemmesider<\/span><\/h3>\n<p><span style=\"font-weight: 400;\">Vores service kan indeholde links til eksterne hjemmesider, som ikke drives af os. Hvis du klikker p\u00e5 et tredjepartslink, vil du blive dirigeret til den p\u00e5g\u00e6ldende tredjeparts side. Vi r\u00e5der dig kraftigt til at gennemg\u00e5 fortrolighedspolitikken og vilk\u00e5r og betingelser for hver side, du bes\u00f8ger.<\/span><\/p>\n<p><span style=\"font-weight: 400;\">Vi har ingen kontrol over og p\u00e5tager os intet ansvar for indholdet, fortrolighedspolitikker eller praksis for tredjeparters hjemmesider, produkter eller tjenester.<\/span><\/p>\n<h3><span style=\"font-weight: 400;\">avecdo.com bruger Google AdWords til Remarketing<\/span><\/h3>\n<p><span style=\"font-weight: 400;\">avecdo.com bruger remarketing-tjenester til at annoncere p\u00e5 tredjepartshjemmesider (herunder Google) til tidligere bes\u00f8gende p\u00e5 vores side. Det kan betyde, at vi annoncerer for tidligere bes\u00f8gende, der ikke har fuldf\u00f8rt en opgave p\u00e5 vores side, for eksempel ved at bruge kontaktformularen til at foretage en foresp\u00f8rgsel. Dette kan v\u00e6re i form af en annonce p\u00e5 Google-s\u00f8geresultatsiden eller en side i Google Display-netv\u00e6rket. Tredjepartsleverand\u00f8rer, inklusive Google, bruger cookies til at servere annoncer baseret p\u00e5 en persons tidligere bes\u00f8g. Naturligvis vil alle indsamlede data blive brugt i overensstemmelse med vores egen fortrolighedspolitik og Googles fortrolighedspolitik.<\/span><\/p>\n<p><span style=\"font-weight: 400;\">Du kan indstille pr\u00e6ferencer for, hvordan Google annoncerer for dig ved hj\u00e6lp af Google Ad Preferences-siden, og hvis du \u00f8nsker det, kan du frav\u00e6lge interessebaseret reklame helt ved at indstille cookie-indstillinger eller permanent ved hj\u00e6lp af en browser-plugin.<\/span><\/p>\n<h3><span style=\"font-weight: 400;\">Beskyttelse af Bestemte Personligt Identificerbare Oplysninger<\/span><\/h3>\n<p><span style=\"font-weight: 400;\">avecdo ApS afsl\u00f8rer potentielt personligt identificerbare og personligt identificerbare oplysninger kun til dem af sine medarbejdere, entrepren\u00f8rer og tilknyttede organisationer, der der (i) har brug for at kende disse oplysninger for at behandle dem p\u00e5 vegne af avecdo ApS eller for at levere tjenester tilg\u00e6ngelige p\u00e5 avecdo ApS&#8217;s hjemmeside, og (ii) som har aftalt ikke at afsl\u00f8re det til andre. Nogle af disse medarbejdere, entrepren\u00f8rer og tilknyttede organisationer kan v\u00e6re placeret uden for dit hjemland; ved at bruge avecdo ApS&#8217;s hjemmeside, samtykker du til overf\u00f8rslen af s\u00e5danne oplysninger til dem. avecdo ApS vil ikke leje eller s\u00e6lge potentielt personligt identificerbare og personligt identificerbare oplysninger til nogen. Udover til sine medarbejdere, entrepren\u00f8rer og tilknyttede organisationer, som beskrevet ovenfor, afsl\u00f8rer avecdo ApS potentielt personligt identificerbare og personligt identificerbare oplysninger kun som svar p\u00e5 en st\u00e6vning, retskendelse eller anden regeringsanmodning, eller n\u00e5r avecdo ApS i god tro mener, at afsl\u00f8ring er rimeligt n\u00f8dvendig for at beskytte ejendommen eller rettighederne for avecdo ApS, tredjeparter eller offentligheden i stort.<\/span><\/p>\n<p><span style=\"font-weight: 400;\">Hvis du er en registreret bruger af avecdo.com og har givet din e-mail-adresse, kan avecdo ApS lejlighedsvis sende dig en e-mail for at fort\u00e6lle dig om nye funktioner, bede om din feedback eller bare holde dig opdateret med, hvad der foreg\u00e5r med avecdo ApS og vores produkter. Vi bruger prim\u00e6rt vores blog til at kommunikere denne type information, s\u00e5 vi forventer at holde denne type e-mail til et minimum. Hvis du sender os en anmodning (for eksempel via en support-e-mail eller via et af vores feedback-mekanismer), forbeholder vi os retten til at offentligg\u00f8re den for at hj\u00e6lpe os med at afklare eller reagere p\u00e5 din anmodning eller for at hj\u00e6lpe os med at supportere andre brugere. avecdo ApS tr\u00e6ffer alle rimeligt n\u00f8dvendige foranstaltninger for at beskytte imod uautoriseret adgang, brug, \u00e6ndring eller \u00f8del\u00e6ggelse af potentielt personligt identificerbare og personligt identificerbare oplysninger.<\/span><\/p>\n<h3><span style=\"font-weight: 400;\">Samlede Statistikker<\/span><\/h3>\n<p><span style=\"font-weight: 400;\">avecdo ApS kan indsamle statistik om bes\u00f8gendes adf\u00e6rd p\u00e5 sin hjemmeside. avecdo ApS kan offentligg\u00f8re denne information offentligt eller give den til andre. Men, avecdo ApS afsl\u00f8rer ikke dine personligt identificerbare oplysninger.<\/span><\/p>\n<h3><span style=\"font-weight: 400;\">Affiliate Afsl\u00f8ring<\/span><\/h3>\n<p><span style=\"font-weight: 400;\">Dette websted bruger affiliate links og tjener en kommission fra visse links. Dette p\u00e5virker ikke dine k\u00f8b eller den pris, du muligvis betaler.<\/span><\/p>\n<h3><span style=\"font-weight: 400;\">Cookies<\/span><\/h3>\n<p><span style=\"font-weight: 400;\">For at berige og perfektionere din online oplevelse bruger avecdo ApS &#8220;Cookies&#8221;, lignende teknologier og tjenester leveret af andre til at vise personligt indhold, passende reklamer og gemme dine pr\u00e6ferencer p\u00e5 din computer.<\/span><\/p>\n<p><span style=\"font-weight: 400;\">En cookie er en streng af information, som en hjemmeside gemmer p\u00e5 en bes\u00f8gendes computer, og som den bes\u00f8gendes browser giver til hjemmesiden hver gang den bes\u00f8gende vender tilbage. avecdo ApS bruger cookies til at hj\u00e6lpe avecdo ApS med at identificere og spore bes\u00f8gende, deres brug af avecdo.com og deres webstedsadgangspr\u00e6ferencer. avecdo ApS-bes\u00f8gende, der ikke \u00f8nsker at have cookies placeret p\u00e5 deres computere, b\u00f8r indstille deres browsere til at afvise cookies, f\u00f8r de bruger avecdo ApS&#8217;s hjemmesider, med ulempen, at visse funktioner p\u00e5 avecdo ApS&#8217;s hjemmesider muligvis ikke fungerer korrekt uden hj\u00e6lp fra cookies.<\/span><\/p>\n<p><span style=\"font-weight: 400;\">Ved at forts\u00e6tte med at navigere p\u00e5 vores hjemmeside uden at \u00e6ndre dine cookie-indstillinger, anerkender og accepterer du hermed avecdo ApS&#8217;s brug af cookies.<\/span><\/p>\n<h3><span style=\"font-weight: 400;\">E-handel<\/span><\/h3>\n<p><span style=\"font-weight: 400;\">Dem, der deltager i transaktioner med avecdo ApS \u2013 ved at k\u00f8be avecdo ApS&#8217;s tjenester eller produkter, bliver bedt om at give yderligere oplysninger, herunder som n\u00f8dvendigt de personlige og finansielle oplysninger, der kr\u00e6ves for at behandle disse transaktioner. I hvert tilf\u00e6lde indsamler avecdo ApS s\u00e5danne oplysninger kun i det omfang det er n\u00f8dvendigt eller passende for at opfylde form\u00e5let med den bes\u00f8gendes interaktion med avecdo ApS. avecdo ApS afsl\u00f8rer ikke personligt identificerbare oplysninger andet end som beskrevet nedenfor. Og bes\u00f8gende kan altid n\u00e6gte at give personligt identificerbare oplysninger, med den forbehold, at det kan forhindre dem i at engagere sig i bestemte webstedsrelaterede aktiviteter.<\/span><\/p>\n<h3><span style=\"font-weight: 400;\">Forretningsm\u00e6ssige Overf\u00f8rsler<\/span><\/h3>\n<p><span style=\"font-weight: 400;\">Hvis avecdo ApS, eller stort set alle dets aktiver, blev erhvervet, eller i det usandsynlige tilf\u00e6lde at avecdo ApS oph\u00f8rer med at eksistere eller g\u00e5r konkurs, vil brugeroplysninger v\u00e6re en af de aktiver, der overf\u00f8res eller erhverves af en tredjepart. Du anerkender, at s\u00e5danne overf\u00f8rsler kan forekomme, og at enhver erhverver af avecdo ApS kan forts\u00e6tte med at bruge dine personlige oplysninger som fastsat i denne politik.<\/span><\/p>\n<h3><span style=\"font-weight: 400;\">\u00c6ndringer af Privatlivspolitikkken<\/span><\/h3>\n<p><span style=\"font-weight: 400;\">Selvom de fleste \u00e6ndringer sandsynligvis vil v\u00e6re mindre, kan avecdo ApS fra tid til anden \u00e6ndre sin Privatlivspolitik, og efter avecdo ApS&#8217;s eget sk\u00f8n. avecdo ApS opfordrer bes\u00f8gende til regelm\u00e6ssigt at tjekke denne side for eventuelle \u00e6ndringer i sin Privatlivspolitik. Din fortsatte brug af dette websted efter enhver \u00e6ndring i denne Privatlivspolitik vil udg\u00f8re din accept af en s\u00e5dan \u00e6ndring.<\/span><\/p>\n\t\t\t\t\t\t\t\t<\/div>\n\t\t\t\t<\/div>\n\t\t\t\t\t<\/div>\n\t\t<\/div>\n\t\t\t\t\t<\/div>\n\t\t<\/section>\n\t\t\t\t<\/div>\n\t\t","protected":false},"excerpt":{"rendered":"<p>Privatlivspolitik Dit privatliv er kritisk vigtigt for os. avecdo ApS er beliggende p\u00e5: avecdo ApSLiv\u00f8vej 25B,Viborg, Jylland 8800Danmark Det er avecdo ApS&#8217;s politik at respektere dit privatliv i forhold til enhver information, vi kan indsamle under drift af vores hjemmeside. Denne Privatlivspolitik g\u00e6lder for avecdo.com og alle underdom\u00e6ner (herefter &#8220;os&#8221;, &#8220;vi&#8221; eller &#8220;avecdo.com&#8221;). Vi respekterer&hellip;<\/p>\n","protected":false},"author":2,"featured_media":0,"parent":0,"menu_order":0,"comment_status":"closed","ping_status":"closed","template":"","meta":{"om_disable_all_campaigns":false,"_monsterinsights_skip_tracking":false,"_monsterinsights_sitenote_active":false,"_monsterinsights_sitenote_note":"","_monsterinsights_sitenote_category":0,"_uf_show_specific_survey":0,"_uf_disable_surveys":false,"footnotes":""},"class_list":["post-13495","page","type-page","status-publish","hentry"],"aioseo_notices":[],"_links":{"self":[{"href":"https:\/\/www.avecdo.com\/da\/wp-json\/wp\/v2\/pages\/13495","targetHints":{"allow":["GET"]}}],"collection":[{"href":"https:\/\/www.avecdo.com\/da\/wp-json\/wp\/v2\/pages"}],"about":[{"href":"https:\/\/www.avecdo.com\/da\/wp-json\/wp\/v2\/types\/page"}],"author":[{"embeddable":true,"href":"https:\/\/www.avecdo.com\/da\/wp-json\/wp\/v2\/users\/2"}],"replies":[{"embeddable":true,"href":"https:\/\/www.avecdo.com\/da\/wp-json\/wp\/v2\/comments?post=13495"}],"version-history":[{"count":9,"href":"https:\/\/www.avecdo.com\/da\/wp-json\/wp\/v2\/pages\/13495\/revisions"}],"predecessor-version":[{"id":14804,"href":"https:\/\/www.avecdo.com\/da\/wp-json\/wp\/v2\/pages\/13495\/revisions\/14804"}],"wp:attachment":[{"href":"https:\/\/www.avecdo.com\/da\/wp-json\/wp\/v2\/media?parent=13495"}],"curies":[{"name":"wp","href":"https:\/\/api.w.org\/{rel}","templated":true}]}}