{"id":13483,"date":"2023-12-11T12:54:39","date_gmt":"2023-12-11T11:54:39","guid":{"rendered":"https:\/\/new.www.avecdo.com\/brugsbetingelser\/"},"modified":"2024-02-12T11:13:01","modified_gmt":"2024-02-12T10:13:01","slug":"brugsbetingelser","status":"publish","type":"page","link":"https:\/\/www.avecdo.com\/da\/brugsbetingelser\/","title":{"rendered":"Brugsbetingelser"},"content":{"rendered":"\t\t<div data-elementor-type=\"wp-page\" data-elementor-id=\"13483\" class=\"elementor elementor-13483 elementor-12246\" data-elementor-post-type=\"page\">\n\t\t\t\t\t\t<section class=\"elementor-section elementor-top-section elementor-element elementor-element-2ccbdaf9 elementor-section-content-middle elementor-section-boxed elementor-section-height-default elementor-section-height-default\" data-id=\"2ccbdaf9\" data-element_type=\"section\" data-settings=\"{&quot;background_background&quot;:&quot;gradient&quot;}\">\n\t\t\t\t\t\t\t<div class=\"elementor-background-overlay\"><\/div>\n\t\t\t\t\t\t\t<div class=\"elementor-container elementor-column-gap-wider\">\n\t\t\t\t\t<div class=\"elementor-column elementor-col-100 elementor-top-column elementor-element elementor-element-250747f4\" data-id=\"250747f4\" data-element_type=\"column\">\n\t\t\t<div class=\"elementor-widget-wrap elementor-element-populated\">\n\t\t\t\t\t\t<div class=\"elementor-element elementor-element-1e68c81c elementor-widget elementor-widget-spacer\" data-id=\"1e68c81c\" data-element_type=\"widget\" data-widget_type=\"spacer.default\">\n\t\t\t\t<div class=\"elementor-widget-container\">\n\t\t\t\t\t\t\t<div class=\"elementor-spacer\">\n\t\t\t<div class=\"elementor-spacer-inner\"><\/div>\n\t\t<\/div>\n\t\t\t\t\t\t<\/div>\n\t\t\t\t<\/div>\n\t\t\t\t<div class=\"elementor-element elementor-element-676acd93 elementor-widget elementor-widget-heading\" data-id=\"676acd93\" data-element_type=\"widget\" data-widget_type=\"heading.default\">\n\t\t\t\t<div class=\"elementor-widget-container\">\n\t\t\t\t\t<h1 class=\"elementor-heading-title elementor-size-default\">Brugsbetingelser<\/h1>\t\t\t\t<\/div>\n\t\t\t\t<\/div>\n\t\t\t\t<div class=\"elementor-element elementor-element-7dfa7111 elementor-widget elementor-widget-spacer\" data-id=\"7dfa7111\" data-element_type=\"widget\" data-widget_type=\"spacer.default\">\n\t\t\t\t<div class=\"elementor-widget-container\">\n\t\t\t\t\t\t\t<div class=\"elementor-spacer\">\n\t\t\t<div class=\"elementor-spacer-inner\"><\/div>\n\t\t<\/div>\n\t\t\t\t\t\t<\/div>\n\t\t\t\t<\/div>\n\t\t\t\t<div class=\"elementor-element elementor-element-1837bc8c elementor-widget elementor-widget-text-editor\" data-id=\"1837bc8c\" data-element_type=\"widget\" data-widget_type=\"text-editor.default\">\n\t\t\t\t<div class=\"elementor-widget-container\">\n\t\t\t\t\t\t\t\t\t<h2><span style=\"font-weight: 400;\">Velkommen til avecdo ApS!<\/span><\/h2>\n<p><span style=\"font-weight: 400;\">Disse vilk\u00e5r og betingelser skitserer reglerne og bestemmelserne for brugen af avecdo ApS&#8217;s hjemmeside.<\/span><span style=\"font-weight: 400;\"><br \/><\/span><\/p>\n<p><span style=\"font-weight: 400;\">avecdo ApS er beliggende p\u00e5:<br \/><\/span> <span style=\"font-weight: 400;\">avecdo ApS<br \/><\/span> <span style=\"font-weight: 400;\">Liv\u00f8vej 25B,<br \/><\/span> <span style=\"font-weight: 400;\">Viborg, Jylland 8800<br \/><\/span> <span style=\"font-weight: 400;\">Danmark<\/span><\/p>\n<p><span style=\"font-weight: 400;\">Ved at tilg\u00e5 denne hjemmeside antager vi, at du accepterer disse vilk\u00e5r og betingelser i deres helhed. Forts\u00e6t ikke med at bruge avecdo ApS&#8217;s hjemmeside, hvis du ikke accepterer alle vilk\u00e5r og betingelser angivet p\u00e5 denne side. F\u00f8lgende terminologi g\u00e6lder for disse Vilk\u00e5r og Betingelser, Privatlivspolitik og Fraskrivelse samt alle eller enhver Aftaler: &#8220;Klient&#8221;, &#8220;Dig&#8221; og &#8220;Din&#8221; henviser til dig, personen, der tilg\u00e5r denne hjemmeside og accepterer firmaets vilk\u00e5r og betingelser. &#8220;Firmaet&#8221;, &#8220;Os Selv&#8221;, &#8220;Vi&#8221;, &#8220;Vores&#8221; og &#8220;Os&#8221;, henviser til vores firma. &#8220;Part&#8221;, &#8220;Parter&#8221; eller &#8220;Os&#8221;, henviser til b\u00e5de klienten og os selv eller enten klienten eller os selv. Alle termer henviser til tilbuddet, accepten og betalingen n\u00f8dvendig for at gennemf\u00f8re vores assistance til klienten p\u00e5 den mest passende m\u00e5de, hvad enten det er ved formelle m\u00f8der af fast varighed, eller ethvert andet middel, med det udtrykkelige form\u00e5l at opfylde klientens behov i forhold til leveringen af firmaets angivne tjenester\/produkter, i overensstemmelse med og underlagt, g\u00e6ldende dansk lovgivning. Enhver brug af ovenst\u00e5ende terminologi eller andre ord i ental, flertal, kapitalisering og\/eller han\/hun eller de, betragtes som udskiftelige og derfor som henvisende til samme.<\/span><\/p>\n<h3><span style=\"font-weight: 400;\">Cookies<\/span><\/h3>\n<p><span style=\"font-weight: 400;\">Vi anvender cookies. Ved at bruge avecdo ApS&#8217;s hjemmeside samtykker du i brugen af cookies i overensstemmelse med avecdo ApS&#8217;s privatlivspolitik.<\/span><\/p>\n<p><span style=\"font-weight: 400;\">De fleste moderne interaktive hjemmesider bruger cookies for at kunne hente brugeroplysninger for hvert bes\u00f8g. Cookies bruges i nogle omr\u00e5der af vores hjemmeside for at aktivere funktionaliteten i dette omr\u00e5de og g\u00f8re det lettere at bruge for dem, der bes\u00f8ger. Nogle af vores affiliate\/reklamepartnere kan ogs\u00e5 bruge cookies.<\/span><\/p>\n<h3><span style=\"font-weight: 400;\">Licens<\/span><\/h3>\n<p><span style=\"font-weight: 400;\">Medmindre andet er angivet, ejer avecdo ApS og\/eller dets licensgivere intellektuelle ejendomsrettigheder for alt materiale p\u00e5 avecdo ApS. Alle intellektuelle ejendomsrettigheder er forbeholdt. Du m\u00e5 se og\/eller udskrive sider fra alle underdom\u00e6ner fra avecdo.com til dit eget personlige brug underlagt begr\u00e6nsningerne fastsat i disse vilk\u00e5r og betingelser.<\/span><\/p>\n<p><span style=\"font-weight: 400;\">Du m\u00e5 ikke:<\/span><\/p>\n<ul>\n<li style=\"font-weight: 400;\" aria-level=\"1\"><span style=\"font-weight: 400;\">Genudgive materiale fra alle underdom\u00e6ner fra avecdo.com<\/span><\/li>\n<li style=\"font-weight: 400;\" aria-level=\"1\"><span style=\"font-weight: 400;\">S\u00e6lge, udleje eller sub-licensiere materiale fra alle underdom\u00e6ner fra avecdo.com<\/span><\/li>\n<li style=\"font-weight: 400;\" aria-level=\"1\"><span style=\"font-weight: 400;\">Reproducere, duplikere eller kopiere materiale fra alle underdom\u00e6ner fra avecdo.com<\/span><\/li>\n<li style=\"font-weight: 400;\" aria-level=\"1\"><span style=\"font-weight: 400;\">Redistribuere indhold fra avecdo ApS (medmindre indholdet specifikt er lavet til redistribution).<\/span><\/li>\n<\/ul>\n<h3><span style=\"font-weight: 400;\">Brugerkommentarer<\/span><\/h3>\n<p><span style=\"font-weight: 400;\">Denne Aftale tr\u00e6der i kraft fra datoen herfor.<\/span><\/p>\n<p><span style=\"font-weight: 400;\">Visse dele af denne hjemmeside tilbyder muligheden for brugere at indsende og udveksle meninger, oplysninger, materiale og data (&#8216;Kommentarer&#8217;) p\u00e5 omr\u00e5der af hjemmesiden. avecdo ApS screener, redigerer, udgiver eller gennemg\u00e5r ikke Kommentarer f\u00f8r deres fremtr\u00e6den p\u00e5 hjemmesiden, og Kommentarerne afspejler ikke synspunkter eller meninger fra avecdo ApS, dets agenter eller partnere. Kommentarer afspejler synet og meningen fra den person, der indsender s\u00e5dan synspunkt eller mening. I det omfang, lovgivningen tillader det, skal avecdo ApS ikke v\u00e6re ansvarlig eller h\u00e6fte for Kommentarerne eller for ethvert tab, omkostning, ansvar, skader eller udgifter for\u00e5rsaget og\/eller lidt som f\u00f8lge af brugen af og\/eller indsendelsen af og\/eller fremtr\u00e6den af Kommentarerne p\u00e5 denne hjemmeside.<\/span><\/p>\n<p><span style=\"font-weight: 400;\">avecdo ApS forbeholder sig retten til at overv\u00e5ge alle Kommentarer og til at fjerne enhver Kommentar, som den betragter efter eget sk\u00f8n som upassende, st\u00f8dende eller p\u00e5 anden m\u00e5de i strid med disse Vilk\u00e5r og Betingelser.<\/span><\/p>\n<p><span style=\"font-weight: 400;\">Du garanterer og repr\u00e6senterer, at:<\/span><\/p>\n<p><span style=\"font-weight: 400;\">Du er berettiget til at indsende Kommentarerne p\u00e5 vores hjemmeside og har alle n\u00f8dvendige licenser og samtykker til at g\u00f8re det;<\/span><\/p>\n<p><span style=\"font-weight: 400;\">Kommentarerne kr\u00e6nker ikke nogen intellektuel ejendomsret, herunder uden begr\u00e6nsning ophavsret, patent eller varem\u00e6rke, eller andre ejendomsrettigheder for en tredjepart;<\/span><\/p>\n<p><span style=\"font-weight: 400;\">Kommentarerne indeholder ikke noget \u00e6rekr\u00e6nkende, injurierende, st\u00f8dende, uanst\u00e6ndigt eller p\u00e5 anden m\u00e5de ulovligt materiale eller materiale, der er en kr\u00e6nkelse af privatlivets fred<\/span><\/p>\n<p><span style=\"font-weight: 400;\">Kommentarerne vil ikke blive brugt til at opfordre eller fremme forretning eller brugerdefineret eller pr\u00e6sentere kommercielle aktiviteter eller ulovlig aktivitet.<\/span><\/p>\n<p><span style=\"font-weight: 400;\">Du giver hermed<\/span> <b>avecdo ApS<\/b> <span style=\"font-weight: 400;\">en ikke-eksklusiv royaltyfri licens til at bruge, reproducere, redigere og tillade andre at bruge, reproducere og redigere nogen af dine Kommentarer i enhver og alle former, formater eller medier.<\/span><\/p>\n<h3><span style=\"font-weight: 400;\">Hyperlinking til vores indhold<\/span><\/h3>\n<p><span style=\"font-weight: 400;\">F\u00f8lgende organisationer kan linke til vores websted uden forudg\u00e5ende skriftlig godkendelse:<\/span><\/p>\n<ul>\n<li style=\"font-weight: 400;\" aria-level=\"1\"><span style=\"font-weight: 400;\">Regeringsagenturer;<\/span><\/li>\n<li style=\"font-weight: 400;\" aria-level=\"1\"><span style=\"font-weight: 400;\">S\u00f8gemaskiner;<\/span><\/li>\n<li style=\"font-weight: 400;\" aria-level=\"1\"><span style=\"font-weight: 400;\">Nyhedsorganisationer;<\/span><\/li>\n<li style=\"font-weight: 400;\" aria-level=\"1\"><span style=\"font-weight: 400;\">Online katalogdistribut\u00f8rer, n\u00e5r de lister os i kataloget, kan linke til vores hjemmeside p\u00e5 samme m\u00e5de som de hyperlinks til hjemmesiderne for andre noterede virksomheder; og<\/span><\/li>\n<li style=\"font-weight: 400;\" aria-level=\"1\"><span style=\"font-weight: 400;\">Systemwide Akkrediterede Virksomheder, undtagen ikke-profit organisationer, velg\u00f8renhed shoppingcentre og velg\u00f8renhedsindsamlingsgrupper, som ikke m\u00e5 hyperlinkes til vores hjemmeside.<\/span><\/li>\n<\/ul>\n<p><span style=\"font-weight: 400;\">Disse organisationer kan linke til vores hjemmeside, publikationer eller til anden hjemmesideinformation, s\u00e5 l\u00e6nge linket: (a) ikke er p\u00e5 nogen m\u00e5de vildledende; (b) ikke falskeligt antyder sponsorat, godkendelse eller godkendelse af den linkede part og dens produkter eller tjenester; og (c) passer inden for konteksten af den linkede parts hjemmeside.<\/span><\/p>\n<p><span style=\"font-weight: 400;\">Vi kan overveje og godkende efter vores eget sk\u00f8n andre linkanmodninger fra f\u00f8lgende typer organisationer:<\/span><\/p>\n<ul>\n<li style=\"font-weight: 400;\" aria-level=\"1\"><span style=\"font-weight: 400;\">almindeligt kendte forbruger- og\/eller erhvervsinformationskilder s\u00e5som Handelskamre, American Automobile Association, AARP og Consumers Union;<\/span><\/li>\n<li style=\"font-weight: 400;\" aria-level=\"1\"><span style=\"font-weight: 400;\">dot.com f\u00e6llesskabssider;<\/span><\/li>\n<li style=\"font-weight: 400;\" aria-level=\"1\"><span style=\"font-weight: 400;\">foreninger eller andre grupper, der repr\u00e6senterer velg\u00f8renhedsorganisationer, inklusive velg\u00f8renhedsdonationssider,<\/span><\/li>\n<li style=\"font-weight: 400;\" aria-level=\"1\"><span style=\"font-weight: 400;\">online katalogdistribut\u00f8rer;<\/span><\/li>\n<li style=\"font-weight: 400;\" aria-level=\"1\"><span style=\"font-weight: 400;\">internetportaler;<\/span><\/li>\n<li style=\"font-weight: 400;\" aria-level=\"1\"><span style=\"font-weight: 400;\">regnskabs-, lovgivnings- og konsulentfirmaer, hvis prim\u00e6re kunder er virksomheder;<\/span><\/li>\n<li style=\"font-weight: 400;\" aria-level=\"1\"><span style=\"font-weight: 400;\">og uddannelsesinstitutioner og brancheorganisationer.<\/span><\/li>\n<\/ul>\n<h2> <\/h2>\n<p><span style=\"font-weight: 400;\">Vi vil godkende linkanmodninger fra disse organisationer, hvis vi fastsl\u00e5r, at: (a) linket ikke ville reflektere ufordelagtigt p\u00e5 os eller vores akkrediterede virksomheder (for eksempel vil brancheorganisationer eller andre organisationer, der repr\u00e6senterer iboende mist\u00e6nkelige typer af virksomheder, s\u00e5som arbejde-hjemme-muligheder, ikke v\u00e6re tilladt at linke); (b) organisationen ikke har en utilfredsstillende registrering hos os; (c) fordelene for os fra synligheden forbundet med hyperlinket opvejer frav\u00e6ret af avecdo ApS; og (d) hvor linket er i konteksten af generel ressourceinformation eller p\u00e5 anden m\u00e5de er konsistent med redaktionelt indhold i et nyhedsbrev eller lignende produkt, der fremmer organisationens mission.<\/span><\/p>\n<p><span style=\"font-weight: 400;\">Disse organisationer kan linke til vores hjemmeside, publikationer eller til anden hjemmesideinformation, s\u00e5 l\u00e6nge linket: (a) ikke er p\u00e5 nogen m\u00e5de vildledende; (b) ikke falsk antyder sponsorat, godkendelse eller godkendelse af den linkende part og dets produkter eller tjenester; og (c) passer inden for konteksten af den linkede parts hjemmeside.<\/span><\/p>\n<p><span style=\"font-weight: 400;\">Hvis du er blandt de organisationer, der er n\u00e6vnt i afsnit 2 ovenfor og er interesseret i at linke til vores hjemmeside, skal du underrette os ved at sende en e-mail til support@avecdo.com. Inkluder venligst dit navn, din organisations navn, kontaktinformation (s\u00e5som et telefonnummer og\/eller e-mailadresse) samt URL&#8217;en p\u00e5 dit site, en liste over eventuelle URL&#8217;er, hvorfra du agter at linke til vores hjemmeside, og en liste over de URL(er) p\u00e5 vores site, som du gerne vil linke til. Forvent 2-3 uger for et svar.<\/span><\/p>\n<p><span style=\"font-weight: 400;\">Godkendte organisationer kan linke til vores hjemmeside som f\u00f8lger:<\/span><\/p>\n<ul>\n<li style=\"font-weight: 400;\" aria-level=\"1\"><span style=\"font-weight: 400;\">Ved brug af vores virksomhedsnavn; eller<\/span><\/li>\n<li style=\"font-weight: 400;\" aria-level=\"1\"><span style=\"font-weight: 400;\">Ved brug af den ensartede ressourceplacering (webadresse), der linkes til; eller<\/span><\/li>\n<li style=\"font-weight: 400;\" aria-level=\"1\"><span style=\"font-weight: 400;\">Ved brug af enhver anden beskrivelse af vores hjemmeside eller materiale, der linkes til, der giver mening inden for konteksten og formatet af indhold p\u00e5 den linkende parts site.<\/span><\/li>\n<\/ul>\n<p><span style=\"font-weight: 400;\">Ingen brug af avecdo ApS&#8217;s logo eller andet kunstv\u00e6rk vil v\u00e6re tilladt til linking uden en varem\u00e6rkelicensaftale.<\/span><\/p>\n<h3><span style=\"font-weight: 400;\">Iframes<\/span><\/h3>\n<p><span style=\"font-weight: 400;\">Uden forudg\u00e5ende godkendelse og udtrykkelig skriftlig tilladelse, m\u00e5 du ikke oprette rammer omkring vores websider eller bruge andre teknikker, der p\u00e5 nogen m\u00e5de \u00e6ndrer det visuelle pr\u00e6sentation eller udseende af vores hjemmeside.<\/span><\/p>\n<h3><span style=\"font-weight: 400;\">Indholdsansvar<\/span><\/h3>\n<p><span style=\"font-weight: 400;\">Vi skal ikke have noget ansvar eller ansvar for noget indhold, der vises p\u00e5 din hjemmeside. Du accepterer at friholde og forsvare os mod alle krav, der opst\u00e5r ud af eller baseret p\u00e5 din hjemmeside. Ingen link(s) m\u00e5 vises p\u00e5 nogen side p\u00e5 din hjemmeside eller inden for nogen kontekst, der indeholder indhold eller materialer, der kan fortolkes som \u00e6rekr\u00e6nkende, obsk\u00f8nt eller kriminelt, eller som kr\u00e6nker, p\u00e5 anden m\u00e5de overtr\u00e6der, eller fortaler kr\u00e6nkelse eller anden overtr\u00e6delse af, enhver tredjeparts rettigheder.<\/span><\/p>\n<h3><span style=\"font-weight: 400;\">Reservation af Rettigheder<\/span><\/h3>\n<p><span style=\"font-weight: 400;\">Vi forbeholder os retten til n\u00e5r som helst og efter eget sk\u00f8n at anmode om, at du fjerner alle links eller et bestemt link til vores hjemmeside. Du accepterer at omg\u00e5ende fjerne alle links til vores hjemmeside efter en s\u00e5dan anmodning. Vi forbeholder os ogs\u00e5 retten til at \u00e6ndre disse vilk\u00e5r og betingelser og dens linkingpolitik n\u00e5r som helst. Ved at forts\u00e6tte med at linke til vores hjemmeside accepterer du at v\u00e6re bundet af og overholde disse linkingvilk\u00e5r og -betingelser.<\/span><\/p>\n<h3><span style=\"font-weight: 400;\">Fjernelse af links fra vores hjemmeside<\/span><\/h3>\n<p><span style=\"font-weight: 400;\">Hvis du finder et link p\u00e5 vores hjemmeside eller enhver linked hjemmeside anst\u00f8deligt af nogen grund, kan du kontakte os om dette. Vi vil overveje anmodninger om at fjerne links, men vil ikke have nogen forpligtelse til at g\u00f8re det eller til at svare direkte til dig.<\/span><\/p>\n<p><span style=\"font-weight: 400;\">Mens vi bestr\u00e6ber os p\u00e5 at sikre, at oplysningerne p\u00e5 denne hjemmeside er korrekte, garanterer vi ikke dens fuldst\u00e6ndighed eller n\u00f8jagtighed; ej heller forpligter vi os til at sikre, at hjemmesiden forbliver tilg\u00e6ngelig eller at materialet p\u00e5 hjemmesiden holdes opdateret.<\/span><\/p>\n<h3><span style=\"font-weight: 400;\">Ansvarsfraskrivelse<\/span><\/h3>\n<p><span style=\"font-weight: 400;\">I det maksimale omfang tilladt ved g\u00e6ldende lov, udelukker vi alle repr\u00e6sentationer, garantier og betingelser relateret til vores hjemmeside og brugen af denne hjemmeside (herunder, uden begr\u00e6nsning, eventuelle garantier antydet ved lov med hensyn til tilfredsstillende kvalitet, egnethed til et bestemt form\u00e5l og\/eller brugen af rimelig omhu og dygtighed). Intet i denne ansvarsfraskrivelse vil:<\/span><\/p>\n<ul>\n<li style=\"font-weight: 400;\" aria-level=\"1\"><span style=\"font-weight: 400;\">begr\u00e6nse eller udelukke vores eller dit ansvar for d\u00f8d eller personskade for\u00e5rsaget af uagtsomhed;<\/span><\/li>\n<li style=\"font-weight: 400;\" aria-level=\"1\"><span style=\"font-weight: 400;\">begr\u00e6nse eller udelukke vores eller dit ansvar for bedrageri eller bedragerisk vildledning;<\/span><\/li>\n<li style=\"font-weight: 400;\" aria-level=\"1\"><span style=\"font-weight: 400;\">begr\u00e6nse nogen af vores eller dine forpligtelser p\u00e5 nogen m\u00e5de, der ikke er tilladt under g\u00e6ldende lov; eller<\/span><\/li>\n<li style=\"font-weight: 400;\" aria-level=\"1\"><span style=\"font-weight: 400;\">udelukke nogen af vores eller dine forpligtelser, der m\u00e5ske ikke kan udelukkes under g\u00e6ldende lov.<\/span><\/li>\n<li style=\"font-weight: 400;\" aria-level=\"1\"> <\/li>\n<\/ul>\n<p><span style=\"font-weight: 400;\">Begr\u00e6nsningerne og udelukkelserne af ansvar, der er angivet i dette afsnit og andre steder i denne ansvarsfraskrivelse: (a) er underlagt det foreg\u00e5ende afsnit; og (b) styrer alle forpligtelser, der opst\u00e5r under ansvarsfraskrivelsen eller i forhold til emnet for denne ansvarsfraskrivelse, herunder forpligtelser, der opst\u00e5r i kontrakt, i tort (herunder uagtsomhed) og for overtr\u00e6delse af lovpligtig pligt.<\/span><\/p>\n<p><span style=\"font-weight: 400;\">I det omfang, at hjemmesiden og informationerne og tjenesterne p\u00e5 hjemmesiden leveres gratis, vil vi ikke v\u00e6re ansvarlige for noget tab eller skade af nogen art.<\/span><\/p>\n\t\t\t\t\t\t\t\t<\/div>\n\t\t\t\t<\/div>\n\t\t\t\t\t<\/div>\n\t\t<\/div>\n\t\t\t\t\t<\/div>\n\t\t<\/section>\n\t\t\t\t<\/div>\n\t\t","protected":false},"excerpt":{"rendered":"<p>Brugsbetingelser Velkommen til avecdo ApS! Disse vilk\u00e5r og betingelser skitserer reglerne og bestemmelserne for brugen af avecdo ApS&#8217;s hjemmeside. avecdo ApS er beliggende p\u00e5: avecdo ApS Liv\u00f8vej 25B, Viborg, Jylland 8800 Danmark Ved at tilg\u00e5 denne hjemmeside antager vi, at du accepterer disse vilk\u00e5r og betingelser i deres helhed. Forts\u00e6t ikke med at bruge avecdo&hellip;<\/p>\n","protected":false},"author":2,"featured_media":0,"parent":0,"menu_order":0,"comment_status":"closed","ping_status":"closed","template":"","meta":{"om_disable_all_campaigns":false,"_monsterinsights_skip_tracking":false,"_monsterinsights_sitenote_active":false,"_monsterinsights_sitenote_note":"","_monsterinsights_sitenote_category":0,"_uf_show_specific_survey":0,"_uf_disable_surveys":false,"footnotes":""},"class_list":["post-13483","page","type-page","status-publish","hentry"],"aioseo_notices":[],"_links":{"self":[{"href":"https:\/\/www.avecdo.com\/da\/wp-json\/wp\/v2\/pages\/13483","targetHints":{"allow":["GET"]}}],"collection":[{"href":"https:\/\/www.avecdo.com\/da\/wp-json\/wp\/v2\/pages"}],"about":[{"href":"https:\/\/www.avecdo.com\/da\/wp-json\/wp\/v2\/types\/page"}],"author":[{"embeddable":true,"href":"https:\/\/www.avecdo.com\/da\/wp-json\/wp\/v2\/users\/2"}],"replies":[{"embeddable":true,"href":"https:\/\/www.avecdo.com\/da\/wp-json\/wp\/v2\/comments?post=13483"}],"version-history":[{"count":4,"href":"https:\/\/www.avecdo.com\/da\/wp-json\/wp\/v2\/pages\/13483\/revisions"}],"predecessor-version":[{"id":14116,"href":"https:\/\/www.avecdo.com\/da\/wp-json\/wp\/v2\/pages\/13483\/revisions\/14116"}],"wp:attachment":[{"href":"https:\/\/www.avecdo.com\/da\/wp-json\/wp\/v2\/media?parent=13483"}],"curies":[{"name":"wp","href":"https:\/\/api.w.org\/{rel}","templated":true}]}}