{"id":13409,"date":"2023-12-11T12:48:19","date_gmt":"2023-12-11T11:48:19","guid":{"rendered":"https:\/\/new.www.avecdo.com\/servicebetingelser\/"},"modified":"2024-04-24T08:40:25","modified_gmt":"2024-04-24T06:40:25","slug":"servicebetingelser","status":"publish","type":"page","link":"https:\/\/www.avecdo.com\/da\/servicebetingelser\/","title":{"rendered":"Servicebetingelser"},"content":{"rendered":"\t\t<div data-elementor-type=\"wp-page\" data-elementor-id=\"13409\" class=\"elementor elementor-13409 elementor-12234\" data-elementor-post-type=\"page\">\n\t\t\t\t\t\t<section class=\"elementor-section elementor-top-section elementor-element elementor-element-3410da15 elementor-section-content-middle elementor-section-boxed elementor-section-height-default elementor-section-height-default\" data-id=\"3410da15\" data-element_type=\"section\" data-settings=\"{&quot;background_background&quot;:&quot;gradient&quot;}\">\n\t\t\t\t\t\t\t<div class=\"elementor-background-overlay\"><\/div>\n\t\t\t\t\t\t\t<div class=\"elementor-container elementor-column-gap-wider\">\n\t\t\t\t\t<div class=\"elementor-column elementor-col-100 elementor-top-column elementor-element elementor-element-2102645a\" data-id=\"2102645a\" data-element_type=\"column\">\n\t\t\t<div class=\"elementor-widget-wrap elementor-element-populated\">\n\t\t\t\t\t\t<div class=\"elementor-element elementor-element-1d0b26a elementor-widget elementor-widget-spacer\" data-id=\"1d0b26a\" data-element_type=\"widget\" data-widget_type=\"spacer.default\">\n\t\t\t\t<div class=\"elementor-widget-container\">\n\t\t\t\t\t\t\t<div class=\"elementor-spacer\">\n\t\t\t<div class=\"elementor-spacer-inner\"><\/div>\n\t\t<\/div>\n\t\t\t\t\t\t<\/div>\n\t\t\t\t<\/div>\n\t\t\t\t<div class=\"elementor-element elementor-element-71cf17e8 elementor-widget elementor-widget-heading\" data-id=\"71cf17e8\" data-element_type=\"widget\" data-widget_type=\"heading.default\">\n\t\t\t\t<div class=\"elementor-widget-container\">\n\t\t\t\t\t<h1 class=\"elementor-heading-title elementor-size-default\">Servicebetingelser<\/h1>\t\t\t\t<\/div>\n\t\t\t\t<\/div>\n\t\t\t\t<div class=\"elementor-element elementor-element-6d3f908e elementor-widget elementor-widget-spacer\" data-id=\"6d3f908e\" data-element_type=\"widget\" data-widget_type=\"spacer.default\">\n\t\t\t\t<div class=\"elementor-widget-container\">\n\t\t\t\t\t\t\t<div class=\"elementor-spacer\">\n\t\t\t<div class=\"elementor-spacer-inner\"><\/div>\n\t\t<\/div>\n\t\t\t\t\t\t<\/div>\n\t\t\t\t<\/div>\n\t\t\t\t<div class=\"elementor-element elementor-element-5c1d2def elementor-widget elementor-widget-text-editor\" data-id=\"5c1d2def\" data-element_type=\"widget\" data-widget_type=\"text-editor.default\">\n\t\t\t\t<div class=\"elementor-widget-container\">\n\t\t\t\t\t\t\t\t\t<h3><span style=\"font-weight: 400;\">Pr\u00e6ambel<\/span><\/h3>\n<p><span style=\"font-weight: 400;\">Vores intention er, at de data, du ser p\u00e5 en kanal efter brug af vores service, ofte opdateres med korrekt information. Men webteknologiens natur betyder, at dette ikke kan garanteres, da mange faktorer, der f\u00f8rer til visning af information p\u00e5 en webside, ikke altid er opdateret. Form\u00e5let med disse Servicevilk\u00e5r er at begr\u00e6nse vores juridiske ansvar til tilf\u00e6lde, hvor vores fejl direkte har for\u00e5rsaget et tab for dig, samt at begr\u00e6nse enhver kompensation til det bel\u00f8b, der er betalt for vores service.<\/span><\/p>\n<p><span style=\"font-weight: 400;\">Ved at bruge avecdos tjenester accepterer du f\u00f8lgende:<\/span><\/p>\n<h3><span style=\"font-weight: 400;\">Generelt<\/span><\/h3>\n<p><span style=\"font-weight: 400;\">Tvister mellem avecdo og vores kunder afg\u00f8res efter dansk ret i en dansk ret, hvis der ikke opn\u00e5s en aftale.<\/span><\/p>\n<p><span style=\"font-weight: 400;\">avecdo kan ikke holdes ansvarlig i tilf\u00e6lde af force majeure, som defineret i \u00a7 24 i &#8220;K\u00f8beloven&#8221;.<\/span><\/p>\n<p><span style=\"font-weight: 400;\">Hvis avecdo planl\u00e6gger at frigive en ny funktion inden for en bestemt dato, kan dette ikke ses som et juridisk bindende l\u00f8fte om, at funktionen implementeres til tiden. Derfor kan avecdo ikke holdes ansvarlig for tab, der stammer fra din forventning om, at funktionen frigives til en bestemt tid. Vi vil altid str\u00e6be efter at implementere nye funktioner til den forventede tid, men vi kan ikke garantere det.<\/span><\/p>\n<p><span style=\"font-weight: 400;\">Det er dit ansvar at genbekr\u00e6fte l\u00e6sning og accept af vores Servicevilk\u00e5r, hvis de opdateres. Vi vil offentligg\u00f8re det i tilf\u00e6lde af, at vi \u00e6ndrer vores vilk\u00e5r, og disse \u00e6ndringer tr\u00e6der i kraft efter 7 dage fra afsendelsen af meddelelsen.<\/span><\/p>\n<p><span style=\"font-weight: 400;\">avecdo er kun ansvarlig for tab, der direkte er for\u00e5rsaget af vores service. Dette betyder, at indirekte tab eller tab fra misinformation p\u00e5 kanalerne, som avecdo ikke direkte har for\u00e5rsaget, ikke vil blive kompenseret af avecdo. Det er dit ansvar at sikre, at de data, du giver avecdo, er korrekte. avecdo vil ikke p\u00e5tage sig ansvar for problemer mellem dig og en kanal, dig og din webshop-tjeneste eller dig og enhver anden part. Eksempler p\u00e5 fejl, der ikke direkte er bundet til avecdo, kunne v\u00e6re, men er ikke begr\u00e6nset til:<\/span><\/p>\n<ul>\n<li style=\"font-weight: 400;\" aria-level=\"1\"><span style=\"font-weight: 400;\">Ved et uheld at uploade de forkerte filer eller give forkerte oplysninger<\/span><\/li>\n<li style=\"font-weight: 400;\" aria-level=\"1\"><span style=\"font-weight: 400;\">Titler og beskrivelser, der inkluderer ikke-underst\u00f8ttede eller ugyldige tegn, som ikke kan detekteres uden at \u00e5bne filerne i en teksteditor \u2013 avecdo vil ikke holdes ansvarlig for fejl, der stammer fra disse ugyldige tegn i de data, du giver os, men vi vil rette fejlene<\/span><\/li>\n<li style=\"font-weight: 400;\" aria-level=\"1\"><span style=\"font-weight: 400;\">Kompatibilitetsproblemer mellem vores service og de eksisterende indstillinger og plugins i din webshop<\/span><\/li>\n<li style=\"font-weight: 400;\" aria-level=\"1\"><span style=\"font-weight: 400;\">Fejl, der er for\u00e5rsaget af kanalen<\/span><\/li>\n<li style=\"font-weight: 400;\" aria-level=\"1\"><span style=\"font-weight: 400;\">Force majeure-h\u00e6ndelser<\/span><\/li>\n<li style=\"font-weight: 400;\" aria-level=\"1\"><span style=\"font-weight: 400;\">Browserkompatibilitetsproblemer<\/span><\/li>\n<li style=\"font-weight: 400;\" aria-level=\"1\"><span style=\"font-weight: 400;\">Problemer med din internetudbyder<\/span><\/li>\n<\/ul>\n<p><span style=\"font-weight: 400;\">P\u00e5 trods af at vi ikke b\u00e6rer juridisk ansvar for disse fejl, vil vi fors\u00f8ge at sikre, at vores service er kompatibel med de fleste webshop-konfigurationer og g\u00f8re vores bedste for at minimere indvirkningen af eventuelle problemer, der m\u00e5tte opst\u00e5.<\/span><\/p>\n<p><span style=\"font-weight: 400;\">avecdo leverer denne service p\u00e5 dine vegne, hvilket betyder, at vi ikke vil blive holdt ansvarlige for dine tvister med en kanal.<\/span><\/p>\n<p><span style=\"font-weight: 400;\">avecdo garanterer en oppetid p\u00e5 98%, hvilket betyder, at vi kun kan holdes ansvarlige for tab, der opst\u00e5r fra vores oppetid, der er lavere end 98%. Hvis tjenesten forstyrres p\u00e5 grund af ingen reaktion fra dig, for eksempel ved opgraderinger, har avecdo intet ansvar.<\/span><\/p>\n<h3><span style=\"font-weight: 400;\">Kompensation<\/span><\/h3>\n<p><span style=\"font-weight: 400;\">Den maksimale kompensation, som avecdo kan holdes ansvarlig for, er det bel\u00f8b, kunden hidtil har betalt for vores service, dog h\u00f8jst 3.000 DKK. Dette betyder, at hvis du har ret til kompensation if\u00f8lge dansk lovgivning, vil bel\u00f8bet ikke v\u00e6re proportionalt med dit tab og vil ikke overstige det, du har betalt avecdo for deres tjenester. Det betyder, at du ikke vil have ret til kompensation for vores f\u00f8rste gratis integration af en kanal, da den er gratis. Som s\u00e5dan er den maksimale kompensation, vi kan holdes ansvarlige for i forbindelse med den f\u00f8rste gratis kanal, 0 \u20ac.<\/span><\/p>\n<p><span style=\"font-weight: 400;\">Kompensationen, som er defineret i ovenst\u00e5ende afsnit, er begr\u00e6nset til 1.000 \u20ac pr. h\u00e6ndelse, fordelt blandt alle vores kunder, der blev p\u00e5virket. Dette betyder, at hvis en h\u00e6ndelse, som vi kan holdes ansvarlige for, opst\u00e5r, vil det maksimale kompensationsbel\u00f8b, der kan udbetales, v\u00e6re 1.000 \u20ac i alt. Det bel\u00f8b af dette total, som hver kunde vil modtage, skal baseres p\u00e5 det bel\u00f8b, de hidtil har betalt for avecdos tjenester.<\/span><\/p>\n<h3><span style=\"font-weight: 400;\">Brugeren<\/span><\/h3>\n<p><span style=\"font-weight: 400;\">avecdo bruger en API i din webshop til at udtr\u00e6kke information og synkronisere den og dine brugeroplysninger med kanalerne, samt at skrive og synkronisere data fra kanalen med din webshop. Disse trin er n\u00f8dvendige for, at den service, vi leverer, fungerer korrekt. API&#8217;en er sikret med en privat og en offentlig n\u00f8gle. Ved at acceptere at bruge vores service forst\u00e5r du, at avecdo vil g\u00f8re sit bedste for at beskytte dine data, og at vores service ikke ville v\u00e6re mulig uden brug af API&#8217;en. Du vil ogs\u00e5 forst\u00e5, at vi ikke vil v\u00e6re ansvarlige, hvis nogen ulovligt f\u00e5r adgang til de data, der sendes gennem vores service.<\/span><\/p>\n<p><span style=\"font-weight: 400;\">avecdo er ikke ansvarlig for brud p\u00e5 sikkerheden p\u00e5 grund af hacking, der resulterer i frigivelse af dine oplysninger til offentligheden.<\/span><\/p>\n<p><span style=\"font-weight: 400;\">avecdo vil underrette dig, hvis vi finder ud af, at dine data er kompromitteret.<\/span><\/p>\n<h3><span style=\"font-weight: 400;\">Data og samtykke<\/span><\/h3>\n<p><span style=\"font-weight: 400;\">Det er dit ansvar at indhente samtykke fra dine kunder, hvis deres kontaktoplysninger leveres til en tredjepart gennem avecdo.<\/span><\/p>\n<p><span style=\"font-weight: 400;\">avecdo vil ikke sende dine data til nogen anden part end udgangskanaler uden dit samtykke.<\/span><\/p>\n<p><span style=\"font-weight: 400;\">Det er ikke avecdos ansvar at sikre, at dine data overholder lovgivningen om behandling af personoplysninger (&#8220;Persondataloven&#8221; p\u00e5 dansk).<\/span><\/p>\n<p><span style=\"font-weight: 400;\">avecdo vil kun blive holdt ansvarlig for data p\u00e5 vores egen platform og er derfor ikke ansvarlig for dine data eller data p\u00e5 kanalernes platforme. Som et resultat, hvis vi synkroniserer data fra en kanal til din hjemmeside, og dataene p\u00e5 kanalen viser sig at v\u00e6re forkerte, vil vi ikke v\u00e6re ansvarlige for tab, der opst\u00e5r fra forkerte data, der vises p\u00e5 din hjemmeside. Desuden, hvis vi synkroniserer data fra din hjemmeside til en kanal, og dataene p\u00e5 din hjemmeside er forkerte, vil vi ikke v\u00e6re ansvarlige for de tab, der opst\u00e5r fra forkerte data, der vises p\u00e5 kanalen.<\/span><\/p>\n<p><span style=\"font-weight: 400;\">For at beskytte dine data skal en enkelt forbindelse kun bruges af den udpegede kanal. avecdo har fuld ret til at n\u00e6gte adgang til ethvert andet fors\u00f8gt indgang, da dette let kunne v\u00e6re nogen, der fors\u00f8ger at f\u00e5 fat i dine data.<\/span><\/p>\n<p><span style=\"font-weight: 400;\">Ved at k\u00f8be en hvilken som helst service fra os accepterer du, at du har l\u00e6st og forst\u00e5et vores Servicevilk\u00e5r, samt Servicevilk\u00e5rene for kanalen.<\/span><\/p>\n\t\t\t\t\t\t\t\t<\/div>\n\t\t\t\t<\/div>\n\t\t\t\t\t<\/div>\n\t\t<\/div>\n\t\t\t\t\t<\/div>\n\t\t<\/section>\n\t\t\t\t<\/div>\n\t\t","protected":false},"excerpt":{"rendered":"<p>Servicebetingelser Pr\u00e6ambel Vores intention er, at de data, du ser p\u00e5 en kanal efter brug af vores service, ofte opdateres med korrekt information. Men webteknologiens natur betyder, at dette ikke kan garanteres, da mange faktorer, der f\u00f8rer til visning af information p\u00e5 en webside, ikke altid er opdateret. Form\u00e5let med disse Servicevilk\u00e5r er at begr\u00e6nse&hellip;<\/p>\n","protected":false},"author":2,"featured_media":0,"parent":0,"menu_order":0,"comment_status":"closed","ping_status":"closed","template":"","meta":{"om_disable_all_campaigns":false,"_monsterinsights_skip_tracking":false,"_monsterinsights_sitenote_active":false,"_monsterinsights_sitenote_note":"","_monsterinsights_sitenote_category":0,"_uf_show_specific_survey":0,"_uf_disable_surveys":false,"footnotes":""},"class_list":["post-13409","page","type-page","status-publish","hentry"],"aioseo_notices":[],"_links":{"self":[{"href":"https:\/\/www.avecdo.com\/da\/wp-json\/wp\/v2\/pages\/13409","targetHints":{"allow":["GET"]}}],"collection":[{"href":"https:\/\/www.avecdo.com\/da\/wp-json\/wp\/v2\/pages"}],"about":[{"href":"https:\/\/www.avecdo.com\/da\/wp-json\/wp\/v2\/types\/page"}],"author":[{"embeddable":true,"href":"https:\/\/www.avecdo.com\/da\/wp-json\/wp\/v2\/users\/2"}],"replies":[{"embeddable":true,"href":"https:\/\/www.avecdo.com\/da\/wp-json\/wp\/v2\/comments?post=13409"}],"version-history":[{"count":2,"href":"https:\/\/www.avecdo.com\/da\/wp-json\/wp\/v2\/pages\/13409\/revisions"}],"predecessor-version":[{"id":14805,"href":"https:\/\/www.avecdo.com\/da\/wp-json\/wp\/v2\/pages\/13409\/revisions\/14805"}],"wp:attachment":[{"href":"https:\/\/www.avecdo.com\/da\/wp-json\/wp\/v2\/media?parent=13409"}],"curies":[{"name":"wp","href":"https:\/\/api.w.org\/{rel}","templated":true}]}}