{"id":13365,"date":"2023-12-11T12:53:17","date_gmt":"2023-12-11T11:53:17","guid":{"rendered":"https:\/\/new.www.avecdo.com\/handelsbetingelser\/"},"modified":"2024-04-22T09:12:02","modified_gmt":"2024-04-22T07:12:02","slug":"handelsbetingelser","status":"publish","type":"page","link":"https:\/\/www.avecdo.com\/da\/handelsbetingelser\/","title":{"rendered":"Handelsbetingelser"},"content":{"rendered":"\t\t<div data-elementor-type=\"wp-page\" data-elementor-id=\"13365\" class=\"elementor elementor-13365 elementor-12241\" data-elementor-post-type=\"page\">\n\t\t\t\t\t\t<section class=\"elementor-section elementor-top-section elementor-element elementor-element-5b01d3 elementor-section-content-middle elementor-section-boxed elementor-section-height-default elementor-section-height-default\" data-id=\"5b01d3\" data-element_type=\"section\" data-settings=\"{&quot;background_background&quot;:&quot;gradient&quot;}\">\n\t\t\t\t\t\t\t<div class=\"elementor-background-overlay\"><\/div>\n\t\t\t\t\t\t\t<div class=\"elementor-container elementor-column-gap-wider\">\n\t\t\t\t\t<div class=\"elementor-column elementor-col-100 elementor-top-column elementor-element elementor-element-24aedab1\" data-id=\"24aedab1\" data-element_type=\"column\">\n\t\t\t<div class=\"elementor-widget-wrap elementor-element-populated\">\n\t\t\t\t\t\t<div class=\"elementor-element elementor-element-7441a28 elementor-widget elementor-widget-spacer\" data-id=\"7441a28\" data-element_type=\"widget\" data-widget_type=\"spacer.default\">\n\t\t\t\t<div class=\"elementor-widget-container\">\n\t\t\t\t\t\t\t<div class=\"elementor-spacer\">\n\t\t\t<div class=\"elementor-spacer-inner\"><\/div>\n\t\t<\/div>\n\t\t\t\t\t\t<\/div>\n\t\t\t\t<\/div>\n\t\t\t\t<div class=\"elementor-element elementor-element-2b0159ff elementor-widget elementor-widget-heading\" data-id=\"2b0159ff\" data-element_type=\"widget\" data-widget_type=\"heading.default\">\n\t\t\t\t<div class=\"elementor-widget-container\">\n\t\t\t\t\t<h1 class=\"elementor-heading-title elementor-size-default\">Handelsbetingelser<\/h1>\t\t\t\t<\/div>\n\t\t\t\t<\/div>\n\t\t\t\t<div class=\"elementor-element elementor-element-70f507f5 elementor-widget elementor-widget-spacer\" data-id=\"70f507f5\" data-element_type=\"widget\" data-widget_type=\"spacer.default\">\n\t\t\t\t<div class=\"elementor-widget-container\">\n\t\t\t\t\t\t\t<div class=\"elementor-spacer\">\n\t\t\t<div class=\"elementor-spacer-inner\"><\/div>\n\t\t<\/div>\n\t\t\t\t\t\t<\/div>\n\t\t\t\t<\/div>\n\t\t\t\t<div class=\"elementor-element elementor-element-704800f9 elementor-widget elementor-widget-text-editor\" data-id=\"704800f9\" data-element_type=\"widget\" data-widget_type=\"text-editor.default\">\n\t\t\t\t<div class=\"elementor-widget-container\">\n\t\t\t\t\t\t\t\t\t<h3><span style=\"font-weight: 400;\">1. ACCEPT AF ABONNEMENT OG VILK\u00c5R<\/span><\/h3>\n<p><span style=\"font-weight: 400;\">1.1 N\u00e6rv\u00e6rende abonnementsvilk\u00e5r (herefter \u201cVilk\u00e5r\u201d) tiltr\u00e6des ved at afkrydse \u201cJeg har l\u00e6st og accepterer abonnementsvilk\u00e5r\u201d p\u00e5 bestillingsformularen, ved at anvende applikationen eller services eller ved p\u00e5 anden m\u00e5de at tilkendegive accept heraf, og g\u00e6lder mellem avecdo ApS, CVR-nummer 38131362, Liv\u00f8vej 25 B, 8800 Viborg (herefter \u201cavecdo\u201d) og kunden (herefter \u201cKunden\u201d).<\/span><\/p>\n<p><span style=\"font-weight: 400;\"><br \/><\/span><span style=\"font-weight: 400;\">1.2 Tilknyttede revisionsfirmaer, servicebureauer og lignende &#8211; inden for v2.avecdo.com \/ app.avecdo.com kan ogs\u00e5 acceptere disse vilk\u00e5r p\u00e5 vegne af kunden (dog ikke ved konto oprettelse \u2013 da kunden selv skal oprette kontoen og godkende disse vilk\u00e5r.), hvorved det garanteres, at den n\u00f8dvendige fuldmagt eksisterer, og at kunden tidligere er blevet beh\u00f8rigt informeret om vilk\u00e5rene.<\/span><\/p>\n<h3><span style=\"font-weight: 400;\">2. ABONNEMENTETS VARIGHED OG FAKTURERING<\/span><\/h3>\n<p><span style=\"font-weight: 400;\">2.1 Abonnementet tr\u00e6der i kraft ved bestilling og l\u00f8ber indtil det opsiges i overensstemmelse med disse Vilk\u00e5r.<\/span><\/p>\n<p><span style=\"font-weight: 400;\"><br \/><\/span><span style=\"font-weight: 400;\">2.2 F\u00f8rste betalings periode l\u00f8ber fra bestillings datoen til udgangen af perioden. Herefter faktureres m\u00e5nedligt eller \u00e5rligt forud, med mindre andet f\u00f8lger af aftale eller vilk\u00e5r for det specifikke produkt hos avecdo eller 3-parts systemer.<\/span><\/p>\n<h3><span style=\"font-weight: 400;\">3. ABONNEMENTETS OMFANG OG ANVENDELSE<\/span><\/h3>\n<p><span style=\"font-weight: 400;\">3.1 Kunden opn\u00e5r i overensstemmelse med disse Vilk\u00e5r en ikke-eksklusiv adgang til at anvende softwaren avecdo og valgte till\u00e6gsmoduler (herefter under et \u201cTilf\u00f8jelsen\u201d), der stilles til r\u00e5dighed online som Software as a Service. Kunden erhverver ikke Tilf\u00f8jelsen eller en kopi eller del heraf og opn\u00e5r ikke licens til at afvikle Tilf\u00f8jelsen undtagen som software as a service.<\/span><\/p>\n<p><span style=\"font-weight: 400;\"><br \/><\/span><span style=\"font-weight: 400;\">3.2 I selve Applikationen, p\u00e5 avecdos hjemmeside, eller hos 3-parts systemet findes en oversigt over abonnementstyper.<\/span><\/p>\n<p><span style=\"font-weight: 400;\"><br \/><\/span><span style=\"font-weight: 400;\">3.3 Adgangen til at anvende Applikationen g\u00e6lder udelukkende for Kunden og dennes r\u00e5dgivere, og Applikationen m\u00e5 ikke benyttes for andre end Kunden eller til at foretage databehandling eller yde andre ydelser for andre end Kunden. Kunden indest\u00e5r for og har de fulde ansvar for de tredjeparter, som Kunden giver adgang til Applikationen eller som bruger Kundens login detaljer.<\/span><\/p>\n<p><span style=\"font-weight: 400;\"><br \/><\/span><span style=\"font-weight: 400;\">3.4 Med undtagelse af det, der fremg\u00e5r af 3.4, er Kunden ikke berettiget til at overdrage abonnementet til tredjemand, hverken helt eller delvist, eller til at give adgang til Applikationen til tredjemand.<\/span><\/p>\n<p><span style=\"font-weight: 400;\"><br \/><\/span><span style=\"font-weight: 400;\">3.5 Kunden skal sikre, at Applikationen ikke bliver anvendt p\u00e5 en m\u00e5de, som kan skade avecdos navn, omd\u00f8mme eller goodwill, eller som er i strid med relevant lovgivning eller anden regulering.<\/span><\/p>\n<h3><span style=\"font-weight: 400;\">4. PRISER OG BETALINGSBETINGELSER<\/span><\/h3>\n<p><span style=\"font-weight: 400;\">4.1 Kunden accepterer, at fakturaer og rykkere sendt pr. e-mail til den af Kunden opgivne e-mail-adresse skal anses for leverede, n\u00e5r de er afsendt af avecdo.<\/span><\/p>\n<p><span style=\"font-weight: 400;\"><br \/><\/span><span style=\"font-weight: 400;\">4.2 De til enhver tid g\u00e6ldende priser kan findes p\u00e5 avecdos hjemmeside el. hos 3-parts systemet og kan \u00e6ndres ved opslag p\u00e5 hjemmesiden med en m\u00e5neds varsel. Samme g\u00e6lder for \u00e6ndringer til sammens\u00e6tning og indhold af abonnementstyper og till\u00e6gsmoduler. Alle priser er inkl. moms.<\/span><\/p>\n<h3><span style=\"font-weight: 400;\">5. OPH\u00d8R<\/span><\/h3>\n<p><span style=\"font-weight: 400;\">5.1 Kunden kan i Applikationen opsige abonnementet og foretage nedgradering af abonnementet til udgangen af en betalingsperiode (med mindre andet fremg\u00e5r af beskrivelse eller vilk\u00e5r for den specifikke ydelse).<\/span><\/p>\n<p><span style=\"font-weight: 400;\"><br \/><\/span><span style=\"font-weight: 400;\">5.2 avecdo kan opsige abonnementet med \u00f8jeblikkelig varsel til udl\u00f8bet af en betalingsperiode, eller uden varsel ved Kundens v\u00e6sentlige misligholdelse af disse Vilk\u00e5r eller ved Kundens konkurs eller insolvens.<\/span><\/p>\n<p><span style=\"font-weight: 400;\"><br \/><\/span><span style=\"font-weight: 400;\">5.3 Tilbagebetaling af abonnementer kan kun ske ved anmodning indenfor 72 timer efter k\u00f8b af en service, og kr\u00e6ver at servicen ikke er taget i brug (datafeedet er hentet af en modtager). Vi opfordrer til at folk bruger en opstarts periode p\u00e5 m\u00e5nedsbasis abonnement og efterf\u00f8lgende opgraderer til \u00e5rlig betaling.<\/span><\/p>\n<h3><span style=\"font-weight: 400;\">6. KUNDENS DATA<\/span><\/h3>\n<p><span style=\"font-weight: 400;\">6.1 Parterne er enige om, at Kunden ejer og kan frit disponere over egne data der er fundet i Applikationen. I tilf\u00e6lde af at abonnementet udl\u00f8ber eller oph\u00e6ves af Kunden, skal avecdo, hvor rimeligt og kommercielt forsvarligt, tilsigte at give kunden en periode p\u00e5 14 dage efter oph\u00f8r, hvor eksportfunktionen kan anvendes.<\/span><\/p>\n<p><span style=\"font-weight: 400;\"><br \/><\/span><span style=\"font-weight: 400;\">6.2 avecdo forbeholder sig ret til at slette Kundens data 5 \u00e5r efter abonnementets oph\u00f8r uanset \u00e5rsagen hertil, og avecdo har ingen forpligtelser til at opbevare data efter dette tidspunkt.<\/span><\/p>\n<p><span style=\"font-weight: 400;\"><br \/><\/span><span style=\"font-weight: 400;\">6.3 avecdo er berettiget til at opbevare Kundens data efter oph\u00f8r med henblik p\u00e5 at anvende disse i anonymiseret form til statistik og analyse.<\/span><\/p>\n<p><span style=\"font-weight: 400;\">6.4 avecdo kan i ganske s\u00e6rlige tilf\u00e6lde, hvor det efter avecdos vurdering sk\u00f8nnes forsvarligt og rimeligt, for eksempel ud fra en v\u00e6rditabsbetragtning, give tredjemand og myndigheder adgang til Kundes data, herunder i forbindelse med dom, myndighedskrav, Kundens konkurs, d\u00f8dsfald eller lignende.<\/span><\/p>\n<h3><span style=\"font-weight: 400;\">7. DRIFTSSTABILITET<\/span><\/h3>\n<p><span style=\"font-weight: 400;\">7.1 avecdo tilstr\u00e6ber h\u00f8jst mulig driftsstabilitet, men er uden ansvar for nedbrud eller driftsforstyrrelser, herunder for driftsforstyrrelser for\u00e5rsaget af faktorer uden for avecdos kontrol. Herved forst\u00e5s bl.a. systemopdateringer, str\u00f8msvigt, fejl p\u00e5 udstyr, internetforbindelser, telekommunikationsforbindelser eller lignende. Applikationen og servicen leveres, som den er og forefindes, og avecdo fraskriver sig enhver garanti, tilsikring, indest\u00e5else, anprisning eller andre vilk\u00e5r, uanset direkte eller indirekte.<\/span><\/p>\n<p><span style=\"font-weight: 400;\">7.2 I tilf\u00e6lde af nedbrud eller forstyrrelser tilstr\u00e6ber avecdo i at genskabe normal drift hurtigst muligt.<\/span><\/p>\n<h3><span style=\"font-weight: 400;\">8. \u00c6NDRINGER<\/span><\/h3>\n<p><span style=\"font-weight: 400;\">8.1 avecdo er berettiget til l\u00f8bende at foretage opdateringer og forbedringer af Applikationen. avecdo er ligeledes berettiget til at \u00e6ndre sammens\u00e6tning og opbygning af Applikationen, Tilf\u00f8jelsen og ydelser. S\u00e5danne opdateringer, forbedringer og \u00e6ndringer kan ske med eller uden varsel, og kan p\u00e5virke services, herunder informationer og data uploadet til eller afgivet af Applikationen.<\/span><\/p>\n<h3><span style=\"font-weight: 400;\">9. IMMATERIELLE RETTIGHEDER<\/span><\/h3>\n<p><span style=\"font-weight: 400;\">9.1 Applikationen og information, der afgives fra Applikationen, undtagen Kundens data, er beskyttet af ophavsret og andre immaterielle rettigheder og tilh\u00f8rer eller er licenseret til Avecdo ApS. Individuelt udarbejdet programmel tilh\u00f8rer ligeledes Avecdo ApS, medmindre andet skriftligt er aftalt. Kunden skal give avecdo meddelelse om enhver aktuel eller potentiel kr\u00e6nkelse af avecdos immaterielle rettigheder eller uautoriseret brug af Applikationen, som Kunden f\u00e5r kendskab til.<\/span><\/p>\n<p><span style=\"font-weight: 400;\"><br \/><\/span><span style=\"font-weight: 400;\">9.2 I forhold til materiale, der uploades af Kunden og alle Kundens data, giver Kunden avecdo, og dennes leverand\u00f8rer, en tilladelse og global licens, der er tilstr\u00e6kkelig til at avecdo forsvarligt kan afvikle og drifte Applikationen og opfylde sine forpligtelser samt foretage markedsf\u00f8ring overfor Kunden. Kunden indest\u00e5r for, at det materiale, der uploades, ikke kr\u00e6nker tredjemands rettigheder, og ikke indeholder materiale, der kan virke st\u00f8dende eller er i strid med relevant lovgivning eller anden regulering.<\/span><\/p>\n<h3><span style=\"font-weight: 400;\">10. OVERDRAGELSE<\/span><\/h3>\n<p><span style=\"font-weight: 400;\">10.1 avecdo har ret til at overdrage sine rettigheder og forpligtelser overfor Kunden til koncernforbundet selskab eller tredjemand.<\/span><\/p>\n<p><span style=\"font-weight: 400;\"><br \/><\/span><span style=\"font-weight: 400;\">10.2 Kunden accepterer, at avecdo er berettiget til at anvende underleverand\u00f8rer i alle forhold, herunder til afvikling og drift af Applikationen og til opbevaring af Kundens data.<\/span><\/p>\n<h3><span style=\"font-weight: 400;\">11. AVECDOS ANSVAR<\/span><\/h3>\n<p><span style=\"font-weight: 400;\">11.1 avecdo er ikke ansvarlig for de tredjepartsl\u00f8sninger, der er tilg\u00e6ngelige og\/eller integreres med Applikationen, herunder beregnings-formularer, salgskanaler. avecdo kan s\u00e5ledes ikke holdes ansvarlig for rigtigheden, fuldst\u00e6ndigheden, kvaliteten og p\u00e5lideligheden af informationerne og heller ikke resultaterne, som opn\u00e5s gennem disse tredjepartsl\u00f8sninger. Tilsvarende kan avecdo ikke holdes ansvarlig for tredjepartsl\u00f8sningernes tilg\u00e6ngelighed, sikkerhed eller funktionalitet, herunder for mulige skader og\/eller tab for\u00e5rsaget af tredjepartsl\u00f8sninger. Det p\u00e5hviler Kunden at f\u00f8re bevis for, at Kunden har lidt tab ikke kan tilskrives tredjepartsl\u00f8sninger.<\/span><\/p>\n<p><span style=\"font-weight: 400;\"><br \/><\/span><span style=\"font-weight: 400;\">11.2 Uanset typen af tab eller ansvarsgrundlaget er avecdos samlede ansvar bel\u00f8bsm\u00e6ssigt begr\u00e6nset til Kundens betaling i 12 m\u00e5neder f\u00f8r det ansvarsp\u00e5dragende forholds indtr\u00e6den, dog i alle tilf\u00e6lde max DKK 3.000. Kunden p\u00e5tager sig at friholde avecdo for produktansvarsskader, tredjemands tab og \u00f8vrige krav fra tredjemand som f\u00f8lge af Kundens brug af Applikationen.<\/span><\/p>\n<p><span style=\"font-weight: 400;\"><br \/><\/span><span style=\"font-weight: 400;\">11.3 Kunden accepterer at skadesl\u00f8sholde avecdo mod ethvert krav eller tab, der skyldes produktansvar, tab hos tredjeparter eller ansvar for tredjeparter, i det omfang det hidr\u00f8rer fra Kundens brug af Applikationen.<\/span><\/p>\n<h3><span style=\"font-weight: 400;\">12. TAVSHEDSPLIGT OG DATASIKKERHED<\/span><\/h3>\n<p><span style=\"font-weight: 400;\">12.1 avecdo behandler alene Kundens data, efter dennes instruks og brugeroplevelse og s\u00e5ledes ikke til egne, uvedkommende form\u00e5l.<\/span><\/p>\n<p><span style=\"font-weight: 400;\"><br \/><\/span><span style=\"font-weight: 400;\">12.2 avecdo har tavshedspligt om alle informationer, avecdo m\u00e5tte komme i besiddelse af om Kunden, og er ikke berettiget til at videregive s\u00e5danne informationer til tredjemand, medmindre s\u00e5dan information er offentlig tilg\u00e6ngelig, kritisk for at f\u00e5 Kunden p\u00e5 servicen, eller hvor avecdo har f\u00e5et informationen fra en tredjepart udenfor fortrolighed, eller hvor avecdo er forpligtet til at videregive informationen if\u00f8lge lovgivning eller efter p\u00e5l\u00e6g fra en myndighed eller domstol.<\/span><\/p>\n<p><span style=\"font-weight: 400;\"><br \/><\/span><span style=\"font-weight: 400;\">12.3 avecdo har truffet de forn\u00f8dne tekniske og organisatoriske sikkerhedsforanstaltninger mod, at oplysninger i Applikationen h\u00e6ndeligt eller ulovligt tilintetg\u00f8res, fortabes eller forringes samt mod, at de kommer til uvedkommendes kendskab, misbruges eller i \u00f8vrigt behandles i strid med lov om behandling af personoplysninger.<\/span><\/p>\n<p><span style=\"font-weight: 400;\"><br \/><\/span><span style=\"font-weight: 400;\">12.4 avecdo giver p\u00e5 Kundens anmodning \u2013 og mod betaling af avecdos til enhver tid g\u00e6ldende timetakster for s\u00e5dant arbejde \u2013 tilstr\u00e6kkelige oplysninger til, at Kunden kan p\u00e5se, at de n\u00e6vnte tekniske og organisatoriske sikkerhedsforanstaltninger er truffet.<\/span><\/p>\n<h3><span style=\"font-weight: 400;\">13. VILK\u00c5RS\u00c6NDRINGER<\/span><\/h3>\n<h2> <\/h2>\n<p><span style=\"font-weight: 400;\">13.1 avecdo er berettiget til at \u00e6ndre disse Vilk\u00e5r i enhver henseende. De til enhver tid g\u00e6ldende Vilk\u00e5r vil v\u00e6re tilg\u00e6ngelige p\u00e5 avecdos hjemmeside. avecdo tilsigter at give varsel med enhver \u00e6ndring, ved opslag p\u00e5 hjemmesiden. Brug af Applikationen efter en \u00e6ndring af disse Vilk\u00e5r udg\u00f8r en accept af s\u00e5danne \u00e6ndrede Vilk\u00e5r. Det er Kundens forpligtelse l\u00f8bende at holde sig opdateret i forhold til \u00e6ndringer af Vilk\u00e5r.<\/span><\/p>\n<h3><span style=\"font-weight: 400;\">14. TVISTER<\/span><\/h3>\n<p><span style=\"font-weight: 400;\"><br \/><\/span><span style=\"font-weight: 400;\">14.1 Disse Vilk\u00e5r er undergivet dansk ret og enhver tvist, der udspringer af abonnementet, herunder disse Vilk\u00e5r, skal anl\u00e6gges ved Byretten i Viborg.<\/span><\/p>\n<h3><span style=\"font-weight: 400;\">15. GYLDIGHED<\/span><\/h3>\n<p><span style=\"font-weight: 400;\">15.1 Disse vilk\u00e5r er gyldige fra 13-09-2022 og erstatter tidligere vilk\u00e5r.<\/span><\/p>\n\t\t\t\t\t\t\t\t<\/div>\n\t\t\t\t<\/div>\n\t\t\t\t\t<\/div>\n\t\t<\/div>\n\t\t\t\t\t<\/div>\n\t\t<\/section>\n\t\t\t\t<\/div>\n\t\t","protected":false},"excerpt":{"rendered":"<p>Handelsbetingelser 1. ACCEPT AF ABONNEMENT OG VILK\u00c5R 1.1 N\u00e6rv\u00e6rende abonnementsvilk\u00e5r (herefter \u201cVilk\u00e5r\u201d) tiltr\u00e6des ved at afkrydse \u201cJeg har l\u00e6st og accepterer abonnementsvilk\u00e5r\u201d p\u00e5 bestillingsformularen, ved at anvende applikationen eller services eller ved p\u00e5 anden m\u00e5de at tilkendegive accept heraf, og g\u00e6lder mellem avecdo ApS, CVR-nummer 38131362, Liv\u00f8vej 25 B, 8800 Viborg (herefter \u201cavecdo\u201d) og kunden&hellip;<\/p>\n","protected":false},"author":2,"featured_media":0,"parent":0,"menu_order":0,"comment_status":"closed","ping_status":"closed","template":"","meta":{"om_disable_all_campaigns":false,"_monsterinsights_skip_tracking":false,"_monsterinsights_sitenote_active":false,"_monsterinsights_sitenote_note":"","_monsterinsights_sitenote_category":0,"_uf_show_specific_survey":0,"_uf_disable_surveys":false,"footnotes":""},"class_list":["post-13365","page","type-page","status-publish","hentry"],"aioseo_notices":[],"_links":{"self":[{"href":"https:\/\/www.avecdo.com\/da\/wp-json\/wp\/v2\/pages\/13365","targetHints":{"allow":["GET"]}}],"collection":[{"href":"https:\/\/www.avecdo.com\/da\/wp-json\/wp\/v2\/pages"}],"about":[{"href":"https:\/\/www.avecdo.com\/da\/wp-json\/wp\/v2\/types\/page"}],"author":[{"embeddable":true,"href":"https:\/\/www.avecdo.com\/da\/wp-json\/wp\/v2\/users\/2"}],"replies":[{"embeddable":true,"href":"https:\/\/www.avecdo.com\/da\/wp-json\/wp\/v2\/comments?post=13365"}],"version-history":[{"count":2,"href":"https:\/\/www.avecdo.com\/da\/wp-json\/wp\/v2\/pages\/13365\/revisions"}],"predecessor-version":[{"id":14469,"href":"https:\/\/www.avecdo.com\/da\/wp-json\/wp\/v2\/pages\/13365\/revisions\/14469"}],"wp:attachment":[{"href":"https:\/\/www.avecdo.com\/da\/wp-json\/wp\/v2\/media?parent=13365"}],"curies":[{"name":"wp","href":"https:\/\/api.w.org\/{rel}","templated":true}]}}