{"id":13079,"date":"2023-12-05T12:35:37","date_gmt":"2023-12-05T11:35:37","guid":{"rendered":"https:\/\/new.www.avecdo.com\/funktioner\/"},"modified":"2025-01-06T11:04:22","modified_gmt":"2025-01-06T10:04:22","slug":"funktioner","status":"publish","type":"page","link":"https:\/\/www.avecdo.com\/da\/funktioner\/","title":{"rendered":"Funktioner"},"content":{"rendered":"\t\t<div data-elementor-type=\"wp-page\" data-elementor-id=\"13079\" class=\"elementor elementor-13079 elementor-11888\" data-elementor-post-type=\"page\">\n\t\t\t\t\t\t<section class=\"elementor-section elementor-top-section elementor-element elementor-element-3f32273 elementor-section-content-middle elementor-section-boxed elementor-section-height-default elementor-section-height-default\" data-id=\"3f32273\" data-element_type=\"section\" data-settings=\"{&quot;background_background&quot;:&quot;gradient&quot;}\">\n\t\t\t\t\t\t\t<div class=\"elementor-background-overlay\"><\/div>\n\t\t\t\t\t\t\t<div class=\"elementor-container elementor-column-gap-wider\">\n\t\t\t\t\t<div class=\"elementor-column elementor-col-50 elementor-top-column elementor-element elementor-element-6855ce1\" data-id=\"6855ce1\" data-element_type=\"column\">\n\t\t\t<div class=\"elementor-widget-wrap elementor-element-populated\">\n\t\t\t\t\t\t<div class=\"elementor-element elementor-element-a9c5928 elementor-widget-tablet__width-inherit elementor-widget elementor-widget-heading\" data-id=\"a9c5928\" data-element_type=\"widget\" data-widget_type=\"heading.default\">\n\t\t\t\t<div class=\"elementor-widget-container\">\n\t\t\t\t\t<h2 class=\"elementor-heading-title elementor-size-default\">Funktioner p\u00e5 avecdo<\/h2>\t\t\t\t<\/div>\n\t\t\t\t<\/div>\n\t\t\t\t<div class=\"elementor-element elementor-element-f856427 elementor-widget elementor-widget-spacer\" data-id=\"f856427\" data-element_type=\"widget\" data-widget_type=\"spacer.default\">\n\t\t\t\t<div class=\"elementor-widget-container\">\n\t\t\t\t\t\t\t<div class=\"elementor-spacer\">\n\t\t\t<div class=\"elementor-spacer-inner\"><\/div>\n\t\t<\/div>\n\t\t\t\t\t\t<\/div>\n\t\t\t\t<\/div>\n\t\t\t\t<div class=\"elementor-element elementor-element-b968a3d elementor-widget elementor-widget-heading\" data-id=\"b968a3d\" data-element_type=\"widget\" data-widget_type=\"heading.default\">\n\t\t\t\t<div class=\"elementor-widget-container\">\n\t\t\t\t\t<h2 class=\"elementor-heading-title elementor-size-default\">Funktioner til at forbedre dit produktfeed\n<\/h2>\t\t\t\t<\/div>\n\t\t\t\t<\/div>\n\t\t\t\t<div class=\"elementor-element elementor-element-713d746 elementor-widget elementor-widget-spacer\" data-id=\"713d746\" data-element_type=\"widget\" data-widget_type=\"spacer.default\">\n\t\t\t\t<div class=\"elementor-widget-container\">\n\t\t\t\t\t\t\t<div class=\"elementor-spacer\">\n\t\t\t<div class=\"elementor-spacer-inner\"><\/div>\n\t\t<\/div>\n\t\t\t\t\t\t<\/div>\n\t\t\t\t<\/div>\n\t\t\t\t<div class=\"elementor-element elementor-element-f29d527 elementor-widget elementor-widget-text-editor\" data-id=\"f29d527\" data-element_type=\"widget\" data-widget_type=\"text-editor.default\">\n\t\t\t\t<div class=\"elementor-widget-container\">\n\t\t\t\t\t\t\t\t\t<p>Avecdo tilbyder et omfattende s\u00e6t v\u00e6rkt\u00f8jer, der har til form\u00e5l at maksimere effektiviteten og funktionaliteten af dine produktfeeds p\u00e5 tv\u00e6rs af flere e-handelsplatforme.<\/p>\n<p>Uanset om du arbejder med et lille produktsortiment eller administrerer et stort lager p\u00e5 tv\u00e6rs af forskellige markeder, giver avecdo l\u00f8sninger, der hj\u00e6lper din virksomhed med at optimere produktets synlighed, opretholde n\u00f8jagtige produktlister og \u00f8ge salget.<\/p>\n<p>Ved at forbedre dit produktfeed giver avecdo din virksomhed mulighed for at konkurrere mere effektivt, og sikrer, at dine produkter pr\u00e6senteres p\u00e5 den bedst mulige m\u00e5de for potentielle kunder p\u00e5 tv\u00e6rs af forskellige salgskanaler.<\/p>\n\t\t\t\t\t\t\t\t<\/div>\n\t\t\t\t<\/div>\n\t\t\t\t<div class=\"elementor-element elementor-element-38e0e77 elementor-widget elementor-widget-spacer\" data-id=\"38e0e77\" data-element_type=\"widget\" data-widget_type=\"spacer.default\">\n\t\t\t\t<div class=\"elementor-widget-container\">\n\t\t\t\t\t\t\t<div class=\"elementor-spacer\">\n\t\t\t<div class=\"elementor-spacer-inner\"><\/div>\n\t\t<\/div>\n\t\t\t\t\t\t<\/div>\n\t\t\t\t<\/div>\n\t\t\t\t<div class=\"elementor-element elementor-element-4d89d7c elementor-widget elementor-widget-the7_button_widget\" data-id=\"4d89d7c\" data-element_type=\"widget\" data-widget_type=\"the7_button_widget.default\">\n\t\t\t\t<div class=\"elementor-widget-container\">\n\t\t\t\t\t<div class=\"elementor-button-wrapper\"><a href=\"https:\/\/www.avecdo.com\/da\/priser\/\" target=\"_blank\" class=\"box-button elementor-button elementor-size-xl\">Start din gratis pr\u00f8veperiode<\/a><\/div>\t\t\t\t<\/div>\n\t\t\t\t<\/div>\n\t\t\t\t\t<\/div>\n\t\t<\/div>\n\t\t\t\t<div class=\"elementor-column elementor-col-50 elementor-top-column elementor-element elementor-element-89c9f57 elementor-hidden-tablet elementor-hidden-mobile\" data-id=\"89c9f57\" data-element_type=\"column\">\n\t\t\t<div class=\"elementor-widget-wrap elementor-element-populated\">\n\t\t\t\t\t\t<div class=\"elementor-element elementor-element-f187b04 elementor-widget__width-initial elementor-widget-mobile__width-auto e-transform e-transform elementor-widget elementor-widget-image\" data-id=\"f187b04\" data-element_type=\"widget\" data-settings=\"{&quot;_transform_scale_effect&quot;:{&quot;unit&quot;:&quot;px&quot;,&quot;size&quot;:0.9,&quot;sizes&quot;:[]},&quot;_transform_translateX_effect&quot;:{&quot;unit&quot;:&quot;%&quot;,&quot;size&quot;:4,&quot;sizes&quot;:[]},&quot;_transform_translateX_effect_tablet&quot;:{&quot;unit&quot;:&quot;%&quot;,&quot;size&quot;:&quot;&quot;,&quot;sizes&quot;:[]},&quot;_transform_translateX_effect_mobile&quot;:{&quot;unit&quot;:&quot;%&quot;,&quot;size&quot;:&quot;&quot;,&quot;sizes&quot;:[]},&quot;_transform_translateY_effect&quot;:{&quot;unit&quot;:&quot;px&quot;,&quot;size&quot;:&quot;&quot;,&quot;sizes&quot;:[]},&quot;_transform_translateY_effect_tablet&quot;:{&quot;unit&quot;:&quot;px&quot;,&quot;size&quot;:&quot;&quot;,&quot;sizes&quot;:[]},&quot;_transform_translateY_effect_mobile&quot;:{&quot;unit&quot;:&quot;px&quot;,&quot;size&quot;:&quot;&quot;,&quot;sizes&quot;:[]},&quot;_transform_scale_effect_tablet&quot;:{&quot;unit&quot;:&quot;px&quot;,&quot;size&quot;:&quot;&quot;,&quot;sizes&quot;:[]},&quot;_transform_scale_effect_mobile&quot;:{&quot;unit&quot;:&quot;px&quot;,&quot;size&quot;:&quot;&quot;,&quot;sizes&quot;:[]}}\" data-widget_type=\"image.default\">\n\t\t\t\t<div class=\"elementor-widget-container\">\n\t\t\t\t\t\t\t\t\t\t\t\t\t\t\t<img decoding=\"async\" src=\"https:\/\/www.avecdo.com\/wp-content\/uploads\/elementor\/thumbs\/Maskine-ind-og-ud-qpvtkjzf0sht4o24g5haudritmz2687gykx95q27m8.png\" title=\"Maskine ind og ud\" alt=\"Maskine ind og ud\" loading=\"lazy\" \/>\t\t\t\t\t\t\t\t\t\t\t\t\t\t\t<\/div>\n\t\t\t\t<\/div>\n\t\t\t\t\t<\/div>\n\t\t<\/div>\n\t\t\t\t\t<\/div>\n\t\t<\/section>\n\t\t<div class=\"elementor-element elementor-element-b55ff65 e-flex e-con-boxed e-con e-parent\" data-id=\"b55ff65\" data-element_type=\"container\">\n\t\t\t\t\t<div class=\"e-con-inner\">\n\t\t\t\t<div class=\"elementor-element elementor-element-835df3e elementor-widget elementor-widget-heading\" data-id=\"835df3e\" data-element_type=\"widget\" data-widget_type=\"heading.default\">\n\t\t\t\t<div class=\"elementor-widget-container\">\n\t\t\t\t\t<h2 class=\"elementor-heading-title elementor-size-default\">Problemfri integration gjort enkelt<\/h2>\t\t\t\t<\/div>\n\t\t\t\t<\/div>\n\t\t\t\t\t<\/div>\n\t\t\t\t<\/div>\n\t\t<div class=\"elementor-element elementor-element-a3aa388 e-flex e-con-boxed e-con e-parent\" data-id=\"a3aa388\" data-element_type=\"container\">\n\t\t\t\t\t<div class=\"e-con-inner\">\n\t\t\t\t<div class=\"elementor-element elementor-element-79d163c elementor-widget elementor-widget-text-editor\" data-id=\"79d163c\" data-element_type=\"widget\" data-widget_type=\"text-editor.default\">\n\t\t\t\t<div class=\"elementor-widget-container\">\n\t\t\t\t\t\t\t\t\t<p>Integration af din e-handelsplatform med avecdo er designet til at v\u00e6re b\u00e5de hurtig og enkel, hvilket minimerer nedetid og forstyrrelser i din forretningsdrift. Avecdo tilbyder dedikerede plugins til platforme som <a href=\"https:\/\/www.avecdo.com\/da\/alle-indgange\/shopify\/\">Shopify<\/a>, <a href=\"https:\/\/www.avecdo.com\/da\/alle-indgange\/woocommerce-produktfeed-til-facebook-og-google-shopping-datafeeds\/\">WooCommerce<\/a> og <a href=\"https:\/\/www.avecdo.com\/da\/alle-indgange\/magento-2-x\/\">Magento<\/a>, der g\u00f8r det muligt for butiksejere at forbinde deres produkter uden besv\u00e6r. Denne nemme integration er en af avecdo\u2019s kernekompetencer, hvilket giver virksomheder mulighed for hurtigt at komme i gang og samtidig fokusere p\u00e5 at optimere deres produktfeed for bedre salgsresultater.  <\/p>\n<p>En af de fremtr\u00e6dende funktioner ved avecdo\u2019s integrationsproces er realtids-synkronisering af data mellem din butik og platformen. N\u00e5r integrationen er fuldf\u00f8rt, afspejles enhver \u00e6ndring, der foretages i din e-handelsbutik\u2014s\u00e5som opdateringer af produktdetaljer, priser eller lagerbeholdning\u2014automatisk i dit produktfeed. Denne funktion sparer ikke kun tid, men sikrer ogs\u00e5, at dine produktinformationer forbliver konsistente og n\u00f8jagtige p\u00e5 tv\u00e6rs af alle kanaler, hvilket reducerer risikoen for at vise for\u00e6ldede eller forkerte oplysninger til potentielle kunder.  <\/p>\n<p>Avecdo\u2019s integrationsl\u00f8sninger er bygget til at skalere og im\u00f8dekomme virksomheder i alle st\u00f8rrelser. Uanset om du administrerer et lille udvalg af produkter eller tusindvis, er avecdo\u2019s platform udstyret til effektivt at h\u00e5ndtere store datam\u00e6ngder og sikre en glidende ydeevne. Resultatet er en mere str\u00f8mlinet arbejdsgang, der reducerer kompleksiteten ved at administrere dit produktfeed og giver dig mulighed for at fokusere p\u00e5 det, der betyder mest\u2014at v\u00e6kste din virksomhed og \u00f8ge salget.  <\/p>\n\t\t\t\t\t\t\t\t<\/div>\n\t\t\t\t<\/div>\n\t\t\t\t\t<\/div>\n\t\t\t\t<\/div>\n\t\t<div class=\"elementor-element elementor-element-7eb818f e-flex e-con-boxed e-con e-parent\" data-id=\"7eb818f\" data-element_type=\"container\">\n\t\t\t\t\t<div class=\"e-con-inner\">\n\t\t\t\t<div class=\"elementor-element elementor-element-98964d2 elementor-widget elementor-widget-heading\" data-id=\"98964d2\" data-element_type=\"widget\" data-widget_type=\"heading.default\">\n\t\t\t\t<div class=\"elementor-widget-container\">\n\t\t\t\t\t<h2 class=\"elementor-heading-title elementor-size-default\">Skab effektfulde, skr\u00e6ddersyede produktbeskrivelser<\/h2>\t\t\t\t<\/div>\n\t\t\t\t<\/div>\n\t\t\t\t\t<\/div>\n\t\t\t\t<\/div>\n\t\t<div class=\"elementor-element elementor-element-de77467 e-flex e-con-boxed e-con e-parent\" data-id=\"de77467\" data-element_type=\"container\">\n\t\t\t\t\t<div class=\"e-con-inner\">\n\t\t\t\t<div class=\"elementor-element elementor-element-5642f82 elementor-widget elementor-widget-text-editor\" data-id=\"5642f82\" data-element_type=\"widget\" data-widget_type=\"text-editor.default\">\n\t\t\t\t<div class=\"elementor-widget-container\">\n\t\t\t\t\t\t\t\t\t<p>En af de st\u00f8rste udfordringer ved produktfeed-administration er at sikre, at dine produktlister er optimeret til hver platform. Identiske produktbeskrivelser kan have en negativ indvirkning p\u00e5 s\u00f8gemaskinernes placeringer, hvilket reducerer din synlighed for potentielle kunder. Avecdo l\u00f8ser dette problem ved at give dig mulighed for at oprette unikke produkttekster til hver platform, hvilket giver dig fleksibiliteten til at tilpasse dine beskrivelser til forskellige m\u00e5lgrupper eller platformkrav. Dette niveau af tilpasning er afg\u00f8rende for at opretholde en konkurrencem\u00e6ssig fordel i en stadig mere overfyldt online markedsplads.   <\/p>\n<p>At skabe unikke produkttekster hj\u00e6lper ikke kun med SEO, men giver dig ogs\u00e5 mulighed for at fremh\u00e6ve forskellige aspekter af dine produkter, afh\u00e6ngigt af platformen. For eksempel kan et produkt, der er listet p\u00e5 <a href=\"https:\/\/www.avecdo.com\/da\/alle-outputs\/google-shopping\/\">Google Shopping<\/a>, have fordel af en mere s\u00f8geordsfokuseret beskrivelse, mens et produkt p\u00e5 en nichemarkedsplads som <a href=\"https:\/\/www.avecdo.com\/da\/alle-outputs\/pricerunner\/\">Pricerunner<\/a> kan kr\u00e6ve mere detaljerede specifikationer for at tiltr\u00e6kke de rette kunder. Avecdo\u2019s v\u00e6rkt\u00f8jer g\u00f8r det nemt at tilpasse dine produktbeskrivelser, s\u00e5 du kan fremh\u00e6ve de vigtigste funktioner p\u00e5 hver platform og maksimere dine chancer for at f\u00e5 et salg.  <\/p>\n<p>Denne funktion sikrer ogs\u00e5, at dine produkter overholder retningslinjerne for forskellige markedspladser. Nogle platforme har strenge regler vedr\u00f8rende l\u00e6ngden og formatet af produktbeskrivelser, og hvis du ikke overholder disse krav, kan dine produkter blive straffet eller endda fjernet. <\/p>\n\t\t\t\t\t\t\t\t<\/div>\n\t\t\t\t<\/div>\n\t\t\t\t\t<\/div>\n\t\t\t\t<\/div>\n\t\t<div class=\"elementor-element elementor-element-eb795ba e-flex e-con-boxed e-con e-parent\" data-id=\"eb795ba\" data-element_type=\"container\">\n\t\t\t\t\t<div class=\"e-con-inner\">\n\t\t\t\t<div class=\"elementor-element elementor-element-8baef97 elementor-widget elementor-widget-heading\" data-id=\"8baef97\" data-element_type=\"widget\" data-widget_type=\"heading.default\">\n\t\t\t\t<div class=\"elementor-widget-container\">\n\t\t\t\t\t<h2 class=\"elementor-heading-title elementor-size-default\">Smart kategorimapping for maksimal synlighed<\/h2>\t\t\t\t<\/div>\n\t\t\t\t<\/div>\n\t\t\t\t\t<\/div>\n\t\t\t\t<\/div>\n\t\t<div class=\"elementor-element elementor-element-52a0707 e-flex e-con-boxed e-con e-parent\" data-id=\"52a0707\" data-element_type=\"container\">\n\t\t\t\t\t<div class=\"e-con-inner\">\n\t\t\t\t<div class=\"elementor-element elementor-element-d9ec1e7 elementor-widget elementor-widget-text-editor\" data-id=\"d9ec1e7\" data-element_type=\"widget\" data-widget_type=\"text-editor.default\">\n\t\t\t\t<div class=\"elementor-widget-container\">\n\t\t\t\t\t\t\t\t\t<p>Det er afg\u00f8rende at placere dine produkter i de rigtige kategorier for at sikre, at de nemt kan findes af kunderne. Fejlplacering af produkter i forkerte kategorier kan drastisk reducere synligheden og skade dine salgsresultater. Avecdo\u2019s kategorimapping-funktion forenkler denne proces ved at give dig mulighed for n\u00f8jagtigt at matche dine produkter til de korrekte kategorier p\u00e5 forskellige platforme. Dette sikrer, at kunderne finder dine produkter der, hvor de er mest tilb\u00f8jelige til at lede, hvilket \u00f8ger chancerne for konvertering.   <\/p>\n<p>Avecdo tilbyder foruddefinerede kategoriskabeloner til store markedspladser, hvilket g\u00f8r det lettere at matche dine produkter til de passende kategorier. Platformen giver dig dog ogs\u00e5 fleksibiliteten til at oprette skr\u00e6ddersyede kategorimapping, hvis dine produkter ikke passer ind i de eksisterende kategorier. Denne tilpasning er is\u00e6r v\u00e6rdifuld for virksomheder, der s\u00e6lger nicheprodukter eller opererer i brancher med komplekse kategoristrukturer. Ved at give pr\u00e6cis kontrol over, hvordan dine produkter kategoriseres, hj\u00e6lper avecdo med at sikre, at dine produktlister b\u00e5de er n\u00f8jagtige og optimerede for maksimal synlighed.   <\/p>\n<p>Derudover reducerer kategorimapping risikoen for listefejl, som kan f\u00f8re til dyre forsinkelser eller fjernelse af produkter fra markedspladser. Avecdo\u2019s intuitive brugerflade og automatiske kontrolfunktioner sikrer, at dine produkter bliver korrekt kategoriseret, hvilket sparer dig tid og mindsker risikoen for fejl. Denne funktion er is\u00e6r nyttig for virksomheder med store lagerbeholdninger, da det giver mulighed for effektiv kategorisering i bulk, hvilket hj\u00e6lper dig med at holde dine produktlister organiserede og opdaterede med minimal indsats.  <\/p>\n\t\t\t\t\t\t\t\t<\/div>\n\t\t\t\t<\/div>\n\t\t\t\t\t<\/div>\n\t\t\t\t<\/div>\n\t\t<div class=\"elementor-element elementor-element-aac7883 e-flex e-con-boxed e-con e-parent\" data-id=\"aac7883\" data-element_type=\"container\">\n\t\t\t\t\t<div class=\"e-con-inner\">\n\t\t\t\t<div class=\"elementor-element elementor-element-e6578ff elementor-widget elementor-widget-heading\" data-id=\"e6578ff\" data-element_type=\"widget\" data-widget_type=\"heading.default\">\n\t\t\t\t<div class=\"elementor-widget-container\">\n\t\t\t\t\t<h2 class=\"elementor-heading-title elementor-size-default\">Tilf\u00f8j yderligere information direkte til dit produktfeed<\/h2>\t\t\t\t<\/div>\n\t\t\t\t<\/div>\n\t\t\t\t\t<\/div>\n\t\t\t\t<\/div>\n\t\t<div class=\"elementor-element elementor-element-505f703 e-flex e-con-boxed e-con e-parent\" data-id=\"505f703\" data-element_type=\"container\">\n\t\t\t\t\t<div class=\"e-con-inner\">\n\t\t\t\t<div class=\"elementor-element elementor-element-6cdd79b elementor-widget elementor-widget-text-editor\" data-id=\"6cdd79b\" data-element_type=\"widget\" data-widget_type=\"text-editor.default\">\n\t\t\t\t<div class=\"elementor-widget-container\">\n\t\t\t\t\t\t\t\t\t<p>En af de st\u00f8rste fordele ved at bruge avecdo er muligheden for at berige dit produktfeed med ekstra information, der kan f\u00e5 dine lister til at skille sig ud fra konkurrenterne. P\u00e5 en overfyldt markedsplads kan de rigtige detaljer g\u00f8re en stor forskel i at tiltr\u00e6kke potentielle k\u00f8bere. Avecdo giver dig mulighed for at tilf\u00f8je tilpassede attributter, s\u00e5som produktmaterialer, garantidetaljer eller fragtinformation, direkte i dit feed, hvilket giver dine kunder flere grunde til at v\u00e6lge dit produkt frem for andre.  <\/p>\n<p>Ved at give mere detaljeret information kan du ogs\u00e5 forbedre den samlede kvalitetsvurdering af dine produktlister p\u00e5 forskellige platforme. Mange markedspladser, herunder <a href=\"https:\/\/www.avecdo.com\/da\/alle-outputs\/google-shopping\/\">Google Shopping<\/a>, bel\u00f8nner lister, der tilbyder omfattende information, med bedre placeringer i s\u00f8geresultaterne. Avecdo hj\u00e6lper dig med at udnytte dette fuldt ud ved at g\u00f8re det muligt at inkludere alle relevante detaljer i dit produktfeed, s\u00e5 dine lister er komplette og optimerede for bedre synlighed.  <\/p>\n<p>Avecdo\u2019s platform underst\u00f8tter ogs\u00e5 tilf\u00f8jelsen af ekstra billeder og tags, hvilket g\u00f8r det muligt for dig at skabe rigere produktlister, der skiller sig ud. H\u00f8jkvalitetsbilleder er s\u00e6rligt vigtige i online shopping, hvor kunderne i h\u00f8j grad stoler p\u00e5 visuelle elementer for at tr\u00e6ffe k\u00f8bsbeslutninger. Avecdo sikrer, at dit produktfeed indeholder alle n\u00f8dvendige billeder og giver dig mulighed for at uploade ekstra fotos, der viser dine produkter fra forskellige vinkler, hvilket \u00f8ger kundernes tillid og forbedrer konverteringsraten.  <\/p>\n\t\t\t\t\t\t\t\t<\/div>\n\t\t\t\t<\/div>\n\t\t\t\t\t<\/div>\n\t\t\t\t<\/div>\n\t\t<div class=\"elementor-element elementor-element-b345bb1 e-flex e-con-boxed e-con e-parent\" data-id=\"b345bb1\" data-element_type=\"container\">\n\t\t\t\t\t<div class=\"e-con-inner\">\n\t\t\t\t<div class=\"elementor-element elementor-element-a824d0d elementor-widget elementor-widget-heading\" data-id=\"a824d0d\" data-element_type=\"widget\" data-widget_type=\"heading.default\">\n\t\t\t\t<div class=\"elementor-widget-container\">\n\t\t\t\t\t<h2 class=\"elementor-heading-title elementor-size-default\">Tilpas dit feed til Googles strenge krav<\/h2>\t\t\t\t<\/div>\n\t\t\t\t<\/div>\n\t\t\t\t\t<\/div>\n\t\t\t\t<\/div>\n\t\t<div class=\"elementor-element elementor-element-31404e5 e-flex e-con-boxed e-con e-parent\" data-id=\"31404e5\" data-element_type=\"container\">\n\t\t\t\t\t<div class=\"e-con-inner\">\n\t\t\t\t<div class=\"elementor-element elementor-element-8967d62 elementor-widget elementor-widget-text-editor\" data-id=\"8967d62\" data-element_type=\"widget\" data-widget_type=\"text-editor.default\">\n\t\t\t\t<div class=\"elementor-widget-container\">\n\t\t\t\t\t\t\t\t\t<p>Google Shopping er en af de mest effektive platforme til at drive trafik til din online butik, men den stiller ogs\u00e5 strenge krav til produktfeeds. Hvis du ikke opfylder disse krav, kan det f\u00f8re til, at dine produkter bliver afvist, hvilket begr\u00e6nser din synlighed og kan koste dig salg. Avecdo\u2019s avancerede v\u00e6rkt\u00f8jer hj\u00e6lper med at sikre, at dit produktfeed er fuldt ud i overensstemmelse med Googles retningslinjer, s\u00e5 du kan udnytte denne vigtige annonceringskanal til fulde.  <\/p>\n<p>Avecdo tilbyder detaljeret vejledning i, hvordan du kan opfylde Googles krav, herunder obligatoriske attributter som GTIN, MPN og pr\u00e6cise produkttitler. Platformen tilbyder ogs\u00e5 v\u00e6rkt\u00f8jer, der hj\u00e6lper dig med at sikre, at dine billeder opfylder Googles kvalitetsstandarder, som er afg\u00f8rende for at f\u00e5 dine produkter godkendt. Ved at hj\u00e6lpe dig med at navigere i disse komplekse krav sikrer avecdo, at dine produktlister ikke kun er i overensstemmelse med retningslinjerne, men ogs\u00e5 er optimerede til den bedst mulige ydeevne p\u00e5 Google Shopping.  <\/p>\n<p>Derudover giver avecdo dig mulighed for at tilpasse dit feed, s\u00e5 det matcher Googles konstant skiftende politikker. Denne fleksibilitet sikrer, at dit feed forbliver opdateret og i overensstemmelse med eventuelle \u00e6ndringer i Googles retningslinjer, hvilket giver dig ro i sindet og muligg\u00f8r, at du kan fokusere p\u00e5 at v\u00e6kste din virksomhed. <\/p>\n\t\t\t\t\t\t\t\t<\/div>\n\t\t\t\t<\/div>\n\t\t\t\t\t<\/div>\n\t\t\t\t<\/div>\n\t\t<div class=\"elementor-element elementor-element-1306efd e-flex e-con-boxed e-con e-parent\" data-id=\"1306efd\" data-element_type=\"container\">\n\t\t\t\t\t<div class=\"e-con-inner\">\n\t\t\t\t<div class=\"elementor-element elementor-element-7ec632c elementor-align-center elementor-widget elementor-widget-the7_button_widget\" data-id=\"7ec632c\" data-element_type=\"widget\" data-widget_type=\"the7_button_widget.default\">\n\t\t\t\t<div class=\"elementor-widget-container\">\n\t\t\t\t\t<div class=\"elementor-button-wrapper\"><a href=\"https:\/\/www.avecdo.com\/da\/funktioner\/\" class=\"box-button elementor-button elementor-size-lg\">Start din gratis pr\u00f8veperiode<\/a><\/div>\t\t\t\t<\/div>\n\t\t\t\t<\/div>\n\t\t\t\t\t<\/div>\n\t\t\t\t<\/div>\n\t\t\t\t<\/div>\n\t\t","protected":false},"excerpt":{"rendered":"<p>Funktioner p\u00e5 avecdo Funktioner til at forbedre dit produktfeed Avecdo tilbyder et omfattende s\u00e6t v\u00e6rkt\u00f8jer, der har til form\u00e5l at maksimere effektiviteten og funktionaliteten af dine produktfeeds p\u00e5 tv\u00e6rs af flere e-handelsplatforme. Uanset om du arbejder med et lille produktsortiment eller administrerer et stort lager p\u00e5 tv\u00e6rs af forskellige markeder, giver avecdo l\u00f8sninger, der hj\u00e6lper&hellip;<\/p>\n","protected":false},"author":2,"featured_media":15617,"parent":0,"menu_order":0,"comment_status":"closed","ping_status":"closed","template":"","meta":{"om_disable_all_campaigns":false,"_monsterinsights_skip_tracking":false,"_monsterinsights_sitenote_active":false,"_monsterinsights_sitenote_note":"","_monsterinsights_sitenote_category":0,"_uf_show_specific_survey":0,"_uf_disable_surveys":false,"footnotes":""},"class_list":["post-13079","page","type-page","status-publish","has-post-thumbnail","hentry"],"aioseo_notices":[],"_links":{"self":[{"href":"https:\/\/www.avecdo.com\/da\/wp-json\/wp\/v2\/pages\/13079","targetHints":{"allow":["GET"]}}],"collection":[{"href":"https:\/\/www.avecdo.com\/da\/wp-json\/wp\/v2\/pages"}],"about":[{"href":"https:\/\/www.avecdo.com\/da\/wp-json\/wp\/v2\/types\/page"}],"author":[{"embeddable":true,"href":"https:\/\/www.avecdo.com\/da\/wp-json\/wp\/v2\/users\/2"}],"replies":[{"embeddable":true,"href":"https:\/\/www.avecdo.com\/da\/wp-json\/wp\/v2\/comments?post=13079"}],"version-history":[{"count":16,"href":"https:\/\/www.avecdo.com\/da\/wp-json\/wp\/v2\/pages\/13079\/revisions"}],"predecessor-version":[{"id":17042,"href":"https:\/\/www.avecdo.com\/da\/wp-json\/wp\/v2\/pages\/13079\/revisions\/17042"}],"wp:featuredmedia":[{"embeddable":true,"href":"https:\/\/www.avecdo.com\/da\/wp-json\/wp\/v2\/media\/15617"}],"wp:attachment":[{"href":"https:\/\/www.avecdo.com\/da\/wp-json\/wp\/v2\/media?parent=13079"}],"curies":[{"name":"wp","href":"https:\/\/api.w.org\/{rel}","templated":true}]}}