{"id":13059,"date":"2023-12-11T10:04:55","date_gmt":"2023-12-11T09:04:55","guid":{"rendered":"https:\/\/new.www.avecdo.com\/om-os\/"},"modified":"2025-05-07T13:57:35","modified_gmt":"2025-05-07T11:57:35","slug":"om-os","status":"publish","type":"page","link":"https:\/\/www.avecdo.com\/da\/om-os\/","title":{"rendered":"Om os"},"content":{"rendered":"\t\t<div data-elementor-type=\"wp-page\" data-elementor-id=\"13059\" class=\"elementor elementor-13059 elementor-12073\" data-elementor-post-type=\"page\">\n\t\t\t\t\t\t<section class=\"elementor-section elementor-top-section elementor-element elementor-element-468e07f4 elementor-section-content-middle elementor-section-boxed elementor-section-height-default elementor-section-height-default\" data-id=\"468e07f4\" data-element_type=\"section\" data-settings=\"{&quot;background_background&quot;:&quot;gradient&quot;}\">\n\t\t\t\t\t\t\t<div class=\"elementor-background-overlay\"><\/div>\n\t\t\t\t\t\t\t<div class=\"elementor-container elementor-column-gap-wider\">\n\t\t\t\t\t<div class=\"elementor-column elementor-col-50 elementor-top-column elementor-element elementor-element-69a047de\" data-id=\"69a047de\" data-element_type=\"column\">\n\t\t\t<div class=\"elementor-widget-wrap elementor-element-populated\">\n\t\t\t\t\t\t<div class=\"elementor-element elementor-element-e3cc1b elementor-widget-tablet__width-inherit elementor-widget elementor-widget-heading\" data-id=\"e3cc1b\" data-element_type=\"widget\" data-widget_type=\"heading.default\">\n\t\t\t\t<div class=\"elementor-widget-container\">\n\t\t\t\t\t<h1 class=\"elementor-heading-title elementor-size-default\">Om os<\/h1>\t\t\t\t<\/div>\n\t\t\t\t<\/div>\n\t\t\t\t<div class=\"elementor-element elementor-element-5e4af3c3 elementor-widget elementor-widget-spacer\" data-id=\"5e4af3c3\" data-element_type=\"widget\" data-widget_type=\"spacer.default\">\n\t\t\t\t<div class=\"elementor-widget-container\">\n\t\t\t\t\t\t\t<div class=\"elementor-spacer\">\n\t\t\t<div class=\"elementor-spacer-inner\"><\/div>\n\t\t<\/div>\n\t\t\t\t\t\t<\/div>\n\t\t\t\t<\/div>\n\t\t\t\t<div class=\"elementor-element elementor-element-8c2803f elementor-widget elementor-widget-heading\" data-id=\"8c2803f\" data-element_type=\"widget\" data-widget_type=\"heading.default\">\n\t\t\t\t<div class=\"elementor-widget-container\">\n\t\t\t\t\t<h2 class=\"elementor-heading-title elementor-size-default\">L\u00e6r avecdo at kende \u2013 Din partner i produktfeed management<\/h2>\t\t\t\t<\/div>\n\t\t\t\t<\/div>\n\t\t\t\t<div class=\"elementor-element elementor-element-3f085a36 elementor-widget elementor-widget-spacer\" data-id=\"3f085a36\" data-element_type=\"widget\" data-widget_type=\"spacer.default\">\n\t\t\t\t<div class=\"elementor-widget-container\">\n\t\t\t\t\t\t\t<div class=\"elementor-spacer\">\n\t\t\t<div class=\"elementor-spacer-inner\"><\/div>\n\t\t<\/div>\n\t\t\t\t\t\t<\/div>\n\t\t\t\t<\/div>\n\t\t\t\t<div class=\"elementor-element elementor-element-13a24c95 elementor-widget elementor-widget-text-editor\" data-id=\"13a24c95\" data-element_type=\"widget\" data-widget_type=\"text-editor.default\">\n\t\t\t\t<div class=\"elementor-widget-container\">\n\t\t\t\t\t\t\t\t\t<p>avecdo blev grundlagt i 2016 med en mission om at forenkle og automatisere produktfeed management for e-handelsvirksomheder. Stifterne, der havde stor erfaring med de komplekse udfordringer ved multikanalhandel, s\u00e5 behovet for et v\u00e6rkt\u00f8j, der kunne hj\u00e6lpe virksomheder med effektivt at distribuere produktdata p\u00e5 tv\u00e6rs af forskellige platforme som <a href=\"https:\/\/www.avecdo.com\/da\/alle-outputs\/google-shopping\/\">Google Shopping<\/a>, <a href=\"https:\/\/www.avecdo.com\/da\/alle-outputs\/facebook\/\">Facebook<\/a> og <a href=\"https:\/\/www.avecdo.com\/da\/alle-outputs\/\">andre<\/a>. <\/p><p>Siden da er avecdo vokset til at blive en p\u00e5lidelig l\u00f8sning, der tilbyder integration med over 27 salgskanaler og servicerer virksomheder i alle st\u00f8rrelser. Platformens fokus p\u00e5 brugervenlighed, automatisering og l\u00f8bende opdateringer har gjort den til et foretrukket valg i branchen. <\/p>\t\t\t\t\t\t\t\t<\/div>\n\t\t\t\t<\/div>\n\t\t\t\t\t<\/div>\n\t\t<\/div>\n\t\t\t\t<div class=\"elementor-column elementor-col-50 elementor-top-column elementor-element elementor-element-2a6d22ab elementor-hidden-tablet\" data-id=\"2a6d22ab\" data-element_type=\"column\">\n\t\t\t<div class=\"elementor-widget-wrap elementor-element-populated\">\n\t\t\t\t\t\t<div class=\"elementor-element elementor-element-db712cb elementor-widget__width-initial elementor-widget-mobile__width-auto e-transform e-transform elementor-widget elementor-widget-image\" data-id=\"db712cb\" data-element_type=\"widget\" data-settings=\"{&quot;_transform_scale_effect&quot;:{&quot;unit&quot;:&quot;px&quot;,&quot;size&quot;:0.9,&quot;sizes&quot;:[]},&quot;_transform_translateX_effect&quot;:{&quot;unit&quot;:&quot;%&quot;,&quot;size&quot;:12,&quot;sizes&quot;:[]},&quot;_transform_translateX_effect_tablet&quot;:{&quot;unit&quot;:&quot;%&quot;,&quot;size&quot;:&quot;&quot;,&quot;sizes&quot;:[]},&quot;_transform_translateX_effect_mobile&quot;:{&quot;unit&quot;:&quot;%&quot;,&quot;size&quot;:-1,&quot;sizes&quot;:[]},&quot;_transform_translateY_effect&quot;:{&quot;unit&quot;:&quot;px&quot;,&quot;size&quot;:167,&quot;sizes&quot;:[]},&quot;_transform_translateY_effect_mobile&quot;:{&quot;unit&quot;:&quot;px&quot;,&quot;size&quot;:48,&quot;sizes&quot;:[]},&quot;_transform_translateY_effect_tablet&quot;:{&quot;unit&quot;:&quot;px&quot;,&quot;size&quot;:&quot;&quot;,&quot;sizes&quot;:[]},&quot;_transform_scale_effect_tablet&quot;:{&quot;unit&quot;:&quot;px&quot;,&quot;size&quot;:&quot;&quot;,&quot;sizes&quot;:[]},&quot;_transform_scale_effect_mobile&quot;:{&quot;unit&quot;:&quot;px&quot;,&quot;size&quot;:&quot;&quot;,&quot;sizes&quot;:[]}}\" data-widget_type=\"image.default\">\n\t\t\t\t<div class=\"elementor-widget-container\">\n\t\t\t\t\t\t\t\t\t\t\t\t\t\t\t<img decoding=\"async\" src=\"https:\/\/www.avecdo.com\/wp-content\/uploads\/elementor\/thumbs\/Avecdo-qvmqocqzb7ztjhd9unpq6o7d1w0xrms49y9da8zqj4.png\" title=\"Avecdo\" alt=\"Avecdo\" loading=\"lazy\" \/>\t\t\t\t\t\t\t\t\t\t\t\t\t\t\t<\/div>\n\t\t\t\t<\/div>\n\t\t\t\t\t<\/div>\n\t\t<\/div>\n\t\t\t\t\t<\/div>\n\t\t<\/section>\n\t\t<div class=\"elementor-element elementor-element-41e55ef e-flex e-con-boxed e-con e-parent\" data-id=\"41e55ef\" data-element_type=\"container\">\n\t\t\t\t\t<div class=\"e-con-inner\">\n\t\t\t\t<div class=\"elementor-element elementor-element-f9448a9 elementor-widget elementor-widget-heading\" data-id=\"f9448a9\" data-element_type=\"widget\" data-widget_type=\"heading.default\">\n\t\t\t\t<div class=\"elementor-widget-container\">\n\t\t\t\t\t<h2 class=\"elementor-heading-title elementor-size-default\">Support til produktfeeds - Hj\u00e6lp til dine behov for datafeeds<\/h2>\t\t\t\t<\/div>\n\t\t\t\t<\/div>\n\t\t\t\t<div class=\"elementor-element elementor-element-0c228cc elementor-widget elementor-widget-text-editor\" data-id=\"0c228cc\" data-element_type=\"widget\" data-widget_type=\"text-editor.default\">\n\t\t\t\t<div class=\"elementor-widget-container\">\n\t\t\t\t\t\t\t\t\t<p>Hos avecdo er produktfeed-support kernen i det, vi tilbyder, og det er designet til at sikre, at virksomheder nemt kan administrere deres produktdata p\u00e5 tv\u00e6rs af flere salgskanaler. Vores supporttjenester fokuserer p\u00e5 at levere en problemfri oplevelse, der starter med en enkel onboarding-proces. Med support til over 27 kanaler som <a href=\"https:\/\/www.avecdo.com\/da\/alle-outputs\/oenskeskyen\/\">\u00d8nskeskyen<\/a>, <a href=\"https:\/\/www.avecdo.com\/da\/alle-outputs\/tiktok\/\">Tiktok<\/a> og <a href=\"https:\/\/www.avecdo.com\/da\/alle-outputs\/\">andre<\/a>, hj\u00e6lper vi virksomheder med at sikre, at deres produktdata er korrekt formateret og opdateret p\u00e5 alle platforme.  <\/p><p>Vi forst\u00e5r, at produktfeed management kan v\u00e6re komplekst, is\u00e6r n\u00e5r man arbejder med flere platforme, der hver is\u00e6r har unikke krav til dataformatering og opdateringer. Derfor har vi gjort det til vores mission at forenkle denne proces gennem automatisering. avecdo tilbyder realtids-synkronisering, hvilket betyder, at s\u00e5 snart der sker en \u00e6ndring i dit produktkatalog \u2013 s\u00e5som prisjusteringer eller lagerstatus \u2013 bliver disse oplysninger automatisk opdateret p\u00e5 alle dine tilkoblede salgskanaler. Dette sparer virksomheder for betydelig tid og indsats, samtidig med at risikoen for fejl minimeres.   <\/p><p>N\u00e5r der opst\u00e5r problemer, st\u00e5r vores dedikerede supportteam altid klar til at hj\u00e6lpe. Uanset om det drejer sig om at ops\u00e6tte et nyt feed, fejlfinde et eksisterende eller optimere data for bedre synlighed p\u00e5 forskellige platforme, tilbyder vi personlig support. Vores team er udstyret med den tekniske ekspertise, der skal til for at l\u00f8se en bred vifte af udfordringer, hvilket sikrer, at virksomheder kan operere glat og effektivt. Vi tilbyder ogs\u00e5 proaktiv vejledning, s\u00e5 virksomheder kan optimere deres produktfeeds for bedre ydeevne og h\u00f8jere konverteringsrater.   <\/p><p>Ved at automatisere rutineopgaver og tilbyde ekspertbistand, n\u00e5r det er n\u00f8dvendigt, giver avecdo\u2019s produktfeed-support virksomheder mulighed for at fokusere mere p\u00e5 v\u00e6kst og mindre p\u00e5 de komplekse aspekter af feed management. M\u00e5let er ikke blot at tilbyde en platform, men at opbygge et varigt partnerskab med vores kunder og sikre deres succes i den konkurrencepr\u00e6gede onlinehandel. <\/p><p> <\/p>\t\t\t\t\t\t\t\t<\/div>\n\t\t\t\t<\/div>\n\t\t\t\t\t<\/div>\n\t\t\t\t<\/div>\n\t\t<div class=\"elementor-element elementor-element-22e9bb6 e-flex e-con-boxed e-con e-parent\" data-id=\"22e9bb6\" data-element_type=\"container\">\n\t\t\t\t\t<div class=\"e-con-inner\">\n\t\t<div class=\"elementor-element elementor-element-6d6432f e-con-full elementor-hidden-tablet e-flex e-con e-child\" data-id=\"6d6432f\" data-element_type=\"container\">\n\t\t\t\t<div class=\"elementor-element elementor-element-da53552 elementor-widget elementor-widget-image\" data-id=\"da53552\" data-element_type=\"widget\" data-widget_type=\"image.default\">\n\t\t\t\t<div class=\"elementor-widget-container\">\n\t\t\t\t\t\t\t\t\t\t\t\t\t\t\t<img fetchpriority=\"high\" decoding=\"async\" width=\"500\" height=\"500\" src=\"https:\/\/www.avecdo.com\/wp-content\/uploads\/2025\/04\/Support.png\" class=\"attachment-large size-large wp-image-17078\" alt=\"\" srcset=\"https:\/\/www.avecdo.com\/wp-content\/uploads\/2025\/04\/Support.png 500w, https:\/\/www.avecdo.com\/wp-content\/uploads\/2025\/04\/Support-300x300.png 300w, https:\/\/www.avecdo.com\/wp-content\/uploads\/2025\/04\/Support-150x150.png 150w\" sizes=\"(max-width: 500px) 100vw, 500px\" \/>\t\t\t\t\t\t\t\t\t\t\t\t\t\t\t<\/div>\n\t\t\t\t<\/div>\n\t\t\t\t<\/div>\n\t\t<div class=\"elementor-element elementor-element-f17b0e8 e-con-full e-flex e-con e-child\" data-id=\"f17b0e8\" data-element_type=\"container\">\n\t\t\t\t<div class=\"elementor-element elementor-element-e6c2e59 elementor-widget elementor-widget-heading\" data-id=\"e6c2e59\" data-element_type=\"widget\" data-widget_type=\"heading.default\">\n\t\t\t\t<div class=\"elementor-widget-container\">\n\t\t\t\t\t<h2 class=\"elementor-heading-title elementor-size-default\">M\u00f8d vores supportteam<\/h2>\t\t\t\t<\/div>\n\t\t\t\t<\/div>\n\t\t\t\t<div class=\"elementor-element elementor-element-e38e438 elementor-widget elementor-widget-spacer\" data-id=\"e38e438\" data-element_type=\"widget\" data-widget_type=\"spacer.default\">\n\t\t\t\t<div class=\"elementor-widget-container\">\n\t\t\t\t\t\t\t<div class=\"elementor-spacer\">\n\t\t\t<div class=\"elementor-spacer-inner\"><\/div>\n\t\t<\/div>\n\t\t\t\t\t\t<\/div>\n\t\t\t\t<\/div>\n\t\t\t\t<div class=\"elementor-element elementor-element-ae846d3 elementor-widget elementor-widget-text-editor\" data-id=\"ae846d3\" data-element_type=\"widget\" data-widget_type=\"text-editor.default\">\n\t\t\t\t<div class=\"elementor-widget-container\">\n\t\t\t\t\t\t\t\t\t<p class=\"p1\">Hos avecdo er vi stolte af at tilbyde enest\u00e5ende kundeservice, og vores supportteam spiller en afg\u00f8rende rolle i denne forpligtelse.<\/p>\t\t\t\t\t\t\t\t<\/div>\n\t\t\t\t<\/div>\n\t\t\t\t<\/div>\n\t\t\t\t\t<\/div>\n\t\t\t\t<\/div>\n\t\t<div class=\"elementor-element elementor-element-da8ce55 e-flex e-con-boxed e-con e-parent\" data-id=\"da8ce55\" data-element_type=\"container\">\n\t\t\t\t\t<div class=\"e-con-inner\">\n\t\t\t\t<div class=\"elementor-element elementor-element-7c8dcc9 elementor-widget elementor-widget-text-editor\" data-id=\"7c8dcc9\" data-element_type=\"widget\" data-widget_type=\"text-editor.default\">\n\t\t\t\t<div class=\"elementor-widget-container\">\n\t\t\t\t\t\t\t\t\t<p> <\/p><p><br>Du vil ofte v\u00e6re i kontakt med Tom, vores CTO og ejer. Med sin omfattende tekniske ekspertise og dybe forst\u00e5else for vores platform er Tom t\u00e6t involveret i at hj\u00e6lpe brugere med alt fra ops\u00e6tning af produktfeeds til fejlfinding af tekniske problemer. Hans praktiske tilgang sikrer, at du f\u00e5r hurtig og pr\u00e6cis support, der er tilpasset dine specifikke behov. Uanset om du s\u00f8ger vejledning, st\u00e5r over for en udfordring, eller \u00f8nsker at optimere dine feeds, er Tom dedikeret til at sikre, at du f\u00e5r den bedst mulige oplevelse.   <\/p><p>Sammen med Tom arbejder Kirsten, vores engagerede Product Owner. Kirsten har ansvaret for den overordnede strategi bag vores kundeservice og produktudvikling. Hun sikrer, at alt forl\u00f8ber gnidningsfrit \u2013 fra den daglige drift til langsigtede projekter. Hendes rolle er afg\u00f8rende for at optimere effektiviteten i vores support, s\u00e5 avecdo\u2019s service l\u00f8bende udvikler sig i takt med brugernes behov. Kirstens sans for detaljer og overblik over projekterne sikrer, at feedback fra kunderne bliver integreret i vores l\u00f8bende platformforbedringer.    <\/p><p>Sammen udg\u00f8r Tom og Kirsten et st\u00e6rkt team. Tom sikrer, at dine tekniske sp\u00f8rgsm\u00e5l bliver besvaret med ekspertise og omhu, mens Kirsten s\u00f8rger for den overordnede succes i vores supportstruktur. Dette t\u00e6tte samarbejde betyder, at hver eneste kundekontakt h\u00e5ndteres effektivt, og at tekniske eller service-relaterede udfordringer bliver l\u00f8st hurtigt. Supportteamet arbejder t\u00e6t sammen med vores udviklingsteam for at sikre, at du altid har adgang til de bedste v\u00e6rkt\u00f8jer og l\u00f8sninger til h\u00e5ndtering af dine produktfeeds.   <\/p><p>Vi opfordrer vores brugere til at bes\u00f8ge vores FAQ og How To Use-guides, som tilbyder trin-for-trin vejledninger og svar p\u00e5 de mest almindelige sp\u00f8rgsm\u00e5l. Hvis du stadig har sp\u00f8rgsm\u00e5l eller har brug for personlig support, er du altid velkommen til at kontakte os. Du kan n\u00e5 vores supportteam p\u00e5 support@avecdo.com eller telefonisk p\u00e5 +45 81 11 33 70. Vi st\u00e5r altid klar til at hj\u00e6lpe dig og sikre, at din oplevelse med avecdo bliver s\u00e5 smidig og succesfuld som muligt.   <\/p>\t\t\t\t\t\t\t\t<\/div>\n\t\t\t\t<\/div>\n\t\t\t\t\t<\/div>\n\t\t\t\t<\/div>\n\t\t<div class=\"elementor-element elementor-element-70f41ef e-flex e-con-boxed e-con e-parent\" data-id=\"70f41ef\" data-element_type=\"container\">\n\t\t\t\t\t<div class=\"e-con-inner\">\n\t\t<div class=\"elementor-element elementor-element-9931b8b e-con-full e-flex e-con e-child\" data-id=\"9931b8b\" data-element_type=\"container\">\n\t\t\t\t<div class=\"elementor-element elementor-element-d755bd7 elementor-widget elementor-widget-heading\" data-id=\"d755bd7\" data-element_type=\"widget\" data-widget_type=\"heading.default\">\n\t\t\t\t<div class=\"elementor-widget-container\">\n\t\t\t\t\t<h2 class=\"elementor-heading-title elementor-size-default\">Hvem st\u00e5r bag avecdo?<\/h2>\t\t\t\t<\/div>\n\t\t\t\t<\/div>\n\t\t\t\t<div class=\"elementor-element elementor-element-b606f7f elementor-widget elementor-widget-spacer\" data-id=\"b606f7f\" data-element_type=\"widget\" data-widget_type=\"spacer.default\">\n\t\t\t\t<div class=\"elementor-widget-container\">\n\t\t\t\t\t\t\t<div class=\"elementor-spacer\">\n\t\t\t<div class=\"elementor-spacer-inner\"><\/div>\n\t\t<\/div>\n\t\t\t\t\t\t<\/div>\n\t\t\t\t<\/div>\n\t\t\t\t<div class=\"elementor-element elementor-element-3544e6a elementor-widget elementor-widget-text-editor\" data-id=\"3544e6a\" data-element_type=\"widget\" data-widget_type=\"text-editor.default\">\n\t\t\t\t<div class=\"elementor-widget-container\">\n\t\t\t\t\t\t\t\t\t<p>avecdo er stolt udviklet af <a href=\"https:\/\/www.modified.dk\/\" target=\"_blank\" rel=\"noopener\">Modified Solutions<\/a>, et dansk webudviklingsfirma, der specialiserer sig i at skabe skr\u00e6ddersyede digitale l\u00f8sninger. Baseret p\u00e5 principperne om at udvikle robuste, skalerbare og effektive systemer bringer Modified Solutions en omfattende erfaring til bordet. Med ekspertise inden for backend-udvikling, API-integration og systemarkitektur har de spillet en afg\u00f8rende rolle i at forme avecdo til en yderst effektiv platform til administration af produktfeeds.  <\/p>\t\t\t\t\t\t\t\t<\/div>\n\t\t\t\t<\/div>\n\t\t\t\t<\/div>\n\t\t<div class=\"elementor-element elementor-element-670c6d9 e-con-full elementor-hidden-tablet e-flex e-con e-child\" data-id=\"670c6d9\" data-element_type=\"container\">\n\t\t\t\t<div class=\"elementor-element elementor-element-177a0a7 e-transform elementor-widget elementor-widget-image\" data-id=\"177a0a7\" data-element_type=\"widget\" data-settings=\"{&quot;_transform_translateX_effect&quot;:{&quot;unit&quot;:&quot;px&quot;,&quot;size&quot;:0,&quot;sizes&quot;:[]},&quot;_transform_translateY_effect&quot;:{&quot;unit&quot;:&quot;px&quot;,&quot;size&quot;:60,&quot;sizes&quot;:[]},&quot;_transform_translateY_effect_mobile&quot;:{&quot;unit&quot;:&quot;px&quot;,&quot;size&quot;:24,&quot;sizes&quot;:[]},&quot;_transform_translateX_effect_tablet&quot;:{&quot;unit&quot;:&quot;px&quot;,&quot;size&quot;:&quot;&quot;,&quot;sizes&quot;:[]},&quot;_transform_translateX_effect_mobile&quot;:{&quot;unit&quot;:&quot;px&quot;,&quot;size&quot;:&quot;&quot;,&quot;sizes&quot;:[]},&quot;_transform_translateY_effect_tablet&quot;:{&quot;unit&quot;:&quot;px&quot;,&quot;size&quot;:&quot;&quot;,&quot;sizes&quot;:[]}}\" data-widget_type=\"image.default\">\n\t\t\t\t<div class=\"elementor-widget-container\">\n\t\t\t\t\t\t\t\t\t\t\t\t\t\t\t<img decoding=\"async\" width=\"500\" height=\"500\" src=\"https:\/\/www.avecdo.com\/wp-content\/uploads\/2024\/10\/ModifiedSolutions.png\" class=\"attachment-large size-large wp-image-16552\" alt=\"\" srcset=\"https:\/\/www.avecdo.com\/wp-content\/uploads\/2024\/10\/ModifiedSolutions.png 500w, https:\/\/www.avecdo.com\/wp-content\/uploads\/2024\/10\/ModifiedSolutions-300x300.png 300w, https:\/\/www.avecdo.com\/wp-content\/uploads\/2024\/10\/ModifiedSolutions-150x150.png 150w\" sizes=\"(max-width: 500px) 100vw, 500px\" \/>\t\t\t\t\t\t\t\t\t\t\t\t\t\t\t<\/div>\n\t\t\t\t<\/div>\n\t\t\t\t<\/div>\n\t\t\t\t\t<\/div>\n\t\t\t\t<\/div>\n\t\t<div class=\"elementor-element elementor-element-40170c1 e-flex e-con-boxed e-con e-parent\" data-id=\"40170c1\" data-element_type=\"container\">\n\t\t\t\t\t<div class=\"e-con-inner\">\n\t\t\t\t<div class=\"elementor-element elementor-element-731fd39 elementor-widget elementor-widget-text-editor\" data-id=\"731fd39\" data-element_type=\"widget\" data-widget_type=\"text-editor.default\">\n\t\t\t\t<div class=\"elementor-widget-container\">\n\t\t\t\t\t\t\t\t\t<p>Modified Solutions blev grundlagt med en mission om at levere skr\u00e6ddersyede udviklingstjenester, der giver virksomheder mulighed for at trives i en digital verden. Gennem \u00e5rene har de arbejdet med en bred vifte af kunder, fra sm\u00e5 virksomheder til store organisationer, og har tilbudt tjenester, der sp\u00e6nder fra webudvikling til integration af forretningskritiske systemer. Denne omfattende erfaring inden for b\u00e5de frontend- og backend-udvikling g\u00f8r dem s\u00e6rligt velegnede til at h\u00e5ndtere de tekniske krav, som en platform som avecdo kr\u00e6ver for at levere en gnidningsfri ydeevne p\u00e5 tv\u00e6rs af flere e-handelskanaler.  <\/p><p>Teamet hos Modified Solutions er dybt engageret i innovation og arbejder l\u00f8bende p\u00e5 at forbedre avecdo med nye funktioner og opdateringer. Deres forst\u00e5else af de skiftende behov i onlinehandel g\u00f8r dem i stand til kontinuerligt at tilpasse platformen til de udfordringer, moderne e-handel st\u00e5r over for. Fra at forenkle kompleksiteten ved produktfeed management til at automatisere rutineprocesser er deres tekniske ekspertise drivkraften bag avecdo\u2019s evne til at levere enest\u00e5ende service.  <\/p><p>Ud over deres tekniske f\u00e6rdigheder fokuserer Modified Solutions p\u00e5 brugervenligt design, s\u00e5 avecdo forbliver intuitiv og tilg\u00e6ngelig for alle brugere. De forst\u00e5r, at administration af produktfeeds kan v\u00e6re komplekst, is\u00e6r for virksomheder med store lagerbeholdninger, og derfor er deres m\u00e5l at g\u00f8re processen s\u00e5 enkel og effektiv som muligt. Deres dedikation til at levere skr\u00e6ddersyede kvalitetsl\u00f8sninger sikrer, at avecdo-brugere altid kan stole p\u00e5 platformen til at im\u00f8dekomme deres behov, uanset virksomhedens st\u00f8rrelse eller omfang.  <\/p><p> <\/p>\t\t\t\t\t\t\t\t<\/div>\n\t\t\t\t<\/div>\n\t\t\t\t\t<\/div>\n\t\t\t\t<\/div>\n\t\t<div class=\"elementor-element elementor-element-23bc907 e-flex e-con-boxed e-con e-parent\" data-id=\"23bc907\" data-element_type=\"container\">\n\t\t\t\t\t<div class=\"e-con-inner\">\n\t\t\t\t<div class=\"elementor-element elementor-element-75f8df5 elementor-align-center elementor-widget elementor-widget-the7_button_widget\" data-id=\"75f8df5\" data-element_type=\"widget\" data-widget_type=\"the7_button_widget.default\">\n\t\t\t\t<div class=\"elementor-widget-container\">\n\t\t\t\t\t<div class=\"elementor-button-wrapper\"><a href=\"https:\/\/www.avecdo.com\/da\/om-os\/\" class=\"box-button elementor-button elementor-size-lg\">Start din gratis pr\u00f8veperiode<\/a><\/div>\t\t\t\t<\/div>\n\t\t\t\t<\/div>\n\t\t\t\t\t<\/div>\n\t\t\t\t<\/div>\n\t\t\t\t<\/div>\n\t\t","protected":false},"excerpt":{"rendered":"<p>Om os L\u00e6r avecdo at kende \u2013 Din partner i produktfeed management avecdo blev grundlagt i 2016 med en mission om at forenkle og automatisere produktfeed management for e-handelsvirksomheder. Stifterne, der havde stor erfaring med de komplekse udfordringer ved multikanalhandel, s\u00e5 behovet for et v\u00e6rkt\u00f8j, der kunne hj\u00e6lpe virksomheder med effektivt at distribuere produktdata p\u00e5&hellip;<\/p>\n","protected":false},"author":2,"featured_media":16590,"parent":0,"menu_order":0,"comment_status":"closed","ping_status":"closed","template":"","meta":{"om_disable_all_campaigns":false,"_monsterinsights_skip_tracking":false,"_monsterinsights_sitenote_active":false,"_monsterinsights_sitenote_note":"","_monsterinsights_sitenote_category":0,"_uf_show_specific_survey":0,"_uf_disable_surveys":false,"footnotes":""},"class_list":["post-13059","page","type-page","status-publish","has-post-thumbnail","hentry"],"aioseo_notices":[],"_links":{"self":[{"href":"https:\/\/www.avecdo.com\/da\/wp-json\/wp\/v2\/pages\/13059","targetHints":{"allow":["GET"]}}],"collection":[{"href":"https:\/\/www.avecdo.com\/da\/wp-json\/wp\/v2\/pages"}],"about":[{"href":"https:\/\/www.avecdo.com\/da\/wp-json\/wp\/v2\/types\/page"}],"author":[{"embeddable":true,"href":"https:\/\/www.avecdo.com\/da\/wp-json\/wp\/v2\/users\/2"}],"replies":[{"embeddable":true,"href":"https:\/\/www.avecdo.com\/da\/wp-json\/wp\/v2\/comments?post=13059"}],"version-history":[{"count":34,"href":"https:\/\/www.avecdo.com\/da\/wp-json\/wp\/v2\/pages\/13059\/revisions"}],"predecessor-version":[{"id":17108,"href":"https:\/\/www.avecdo.com\/da\/wp-json\/wp\/v2\/pages\/13059\/revisions\/17108"}],"wp:featuredmedia":[{"embeddable":true,"href":"https:\/\/www.avecdo.com\/da\/wp-json\/wp\/v2\/media\/16590"}],"wp:attachment":[{"href":"https:\/\/www.avecdo.com\/da\/wp-json\/wp\/v2\/media?parent=13059"}],"curies":[{"name":"wp","href":"https:\/\/api.w.org\/{rel}","templated":true}]}}